{"id":1327,"date":"2021-01-27T12:43:46","date_gmt":"2021-01-27T09:43:46","guid":{"rendered":"http:\/\/demo.milscint.com\/ulusalsavunma\/?page_id=1327"},"modified":"2021-02-27T12:58:26","modified_gmt":"2021-02-27T09:58:26","slug":"sedec-2018","status":"publish","type":"page","link":"https:\/\/ulusalsavunma.com.tr\/en\/sedec-2018\/","title":{"rendered":"SEDEC 2018"},"content":{"rendered":"<div data-elementor-type=\"wp-page\" data-elementor-id=\"1327\" class=\"elementor elementor-1327\">\n\t\t\t\t\t\t<div class=\"elementor-inner\">\n\t\t\t\t<div class=\"elementor-section-wrap\">\n\t\t\t\t\t\t\t\t\t<section class=\"elementor-section elementor-top-section elementor-element elementor-element-2cb0df4 elementor-section-boxed elementor-section-height-default elementor-section-height-default parallax_section_no qode_elementor_container_no\" data-id=\"2cb0df4\" data-element_type=\"section\">\n\t\t\t\t\t\t<div class=\"elementor-container elementor-column-gap-default\">\n\t\t\t\t\t\t\t<div class=\"elementor-row\">\n\t\t\t\t\t<div class=\"elementor-column elementor-col-100 elementor-top-column elementor-element elementor-element-2296a4b\" data-id=\"2296a4b\" data-element_type=\"column\">\n\t\t\t<div class=\"elementor-column-wrap elementor-element-populated\">\n\t\t\t\t\t\t\t<div class=\"elementor-widget-wrap\">\n\t\t\t\t\t\t<div class=\"elementor-element elementor-element-80f4219 elementor-widget elementor-widget-spacer\" data-id=\"80f4219\" data-element_type=\"widget\" data-widget_type=\"spacer.default\">\n\t\t\t\t<div class=\"elementor-widget-container\">\n\t\t\t\t\t<div class=\"elementor-spacer\">\n\t\t\t<div class=\"elementor-spacer-inner\"><\/div>\n\t\t<\/div>\n\t\t\t\t<\/div>\n\t\t\t\t<\/div>\n\t\t\t\t\t\t<\/div>\n\t\t\t\t\t<\/div>\n\t\t<\/div>\n\t\t\t\t\t\t\t\t<\/div>\n\t\t\t\t\t<\/div>\n\t\t<\/section>\n\t\t\t\t<section class=\"elementor-section elementor-top-section elementor-element elementor-element-5dd2dea elementor-section-boxed elementor-section-height-default elementor-section-height-default parallax_section_no qode_elementor_container_no\" data-id=\"5dd2dea\" data-element_type=\"section\">\n\t\t\t\t\t\t<div class=\"elementor-container elementor-column-gap-default\">\n\t\t\t\t\t\t\t<div class=\"elementor-row\">\n\t\t\t\t\t<div class=\"elementor-column elementor-col-50 elementor-top-column elementor-element elementor-element-43a1bc6\" data-id=\"43a1bc6\" data-element_type=\"column\">\n\t\t\t<div class=\"elementor-column-wrap elementor-element-populated\">\n\t\t\t\t\t\t\t<div class=\"elementor-widget-wrap\">\n\t\t\t\t\t\t<div class=\"elementor-element elementor-element-6b84a9b elementor-widget elementor-widget-image\" data-id=\"6b84a9b\" data-element_type=\"widget\" data-widget_type=\"image.default\">\n\t\t\t\t<div class=\"elementor-widget-container\">\n\t\t\t\t\t\t\t\t<div class=\"elementor-image\">\n\t\t\t\t\t\t\t\t\t\t\t\t<img width=\"770\" height=\"470\" src=\"https:\/\/ulusalsavunma.com.tr\/wp-content\/uploads\/2021\/02\/SEDEC-2018-2.jpg\" class=\"attachment-full size-full\" alt=\"\" loading=\"lazy\" srcset=\"https:\/\/ulusalsavunma.com.tr\/wp-content\/uploads\/2021\/02\/SEDEC-2018-2.jpg 770w, https:\/\/ulusalsavunma.com.tr\/wp-content\/uploads\/2021\/02\/SEDEC-2018-2-300x183.jpg 300w, https:\/\/ulusalsavunma.com.tr\/wp-content\/uploads\/2021\/02\/SEDEC-2018-2-768x469.jpg 768w, https:\/\/ulusalsavunma.com.tr\/wp-content\/uploads\/2021\/02\/SEDEC-2018-2-16x10.jpg 16w, https:\/\/ulusalsavunma.com.tr\/wp-content\/uploads\/2021\/02\/SEDEC-2018-2-700x427.jpg 700w\" sizes=\"(max-width: 770px) 100vw, 770px\" \/>\t\t\t\t\t\t\t\t\t\t\t\t\t\t<\/div>\n\t\t\t\t\t\t<\/div>\n\t\t\t\t<\/div>\n\t\t\t\t<div class=\"elementor-element elementor-element-0968ccf elementor-widget elementor-widget-bridge_icon_text\" data-id=\"0968ccf\" data-element_type=\"widget\" data-widget_type=\"bridge_icon_text.default\">\n\t\t\t\t<div class=\"elementor-widget-container\">\n\t\t\t<div class='q_icon_with_title tiny normal_icon'><div class=\"icon_holder q_icon_animation\" style=\" \"><span data-icon-type=\"normal\"   style=\"\" class=\"qode_iwt_icon_holder q_font_awsome_icon fa-lg\"><i class=\"qode_icon_font_awesome fa fa-clock-o qode_iwt_icon_element\" style=\"\" ><\/i><\/span><\/div><div class=\"icon_text_holder\" style=\"padding-left:25px;\"><div class=\"icon_text_inner\" style=\"\"><h4 class=\"icon_title\" style=\"\"><\/h4><p style=''>5 July 2018<\/p><\/div><\/div><\/div>\t\t<\/div>\n\t\t\t\t<\/div>\n\t\t\t\t<div class=\"elementor-element elementor-element-691c903 elementor-widget elementor-widget-heading\" data-id=\"691c903\" data-element_type=\"widget\" data-widget_type=\"heading.default\">\n\t\t\t\t<div class=\"elementor-widget-container\">\n\t\t\t<h2 class=\"elementor-heading-title elementor-size-default\">Ulusal Savunma Welcomes Domestic and Foreign Delegations to its Stand at SEDEC 2018<\/h2>\t\t<\/div>\n\t\t\t\t<\/div>\n\t\t\t\t<div class=\"elementor-element elementor-element-ba74ada elementor-widget elementor-widget-text-editor\" data-id=\"ba74ada\" data-element_type=\"widget\" data-widget_type=\"text-editor.default\">\n\t\t\t\t<div class=\"elementor-widget-container\">\n\t\t\t\t\t\t\t\t<div class=\"elementor-text-editor elementor-clearfix\">\n\t\t\t\t<div class=\"wpb_text_column\"><p>Ulusal Savunma participated at SEDEC 2018 in Ankara on 3\u20135 July, 2018, where many local and foreign official delegations were welcomed to its stand. During the event, in which focus was on homeland security, border security, internal security and defence systems, the company attracted considerable attention from the participants with its products and capabilities, and especially its UAVMIX anti-drone system.<\/p><\/div>\t\t\t\t\t<\/div>\n\t\t\t\t\t\t<\/div>\n\t\t\t\t<\/div>\n\t\t\t\t\t\t<\/div>\n\t\t\t\t\t<\/div>\n\t\t<\/div>\n\t\t\t\t<div class=\"elementor-column elementor-col-50 elementor-top-column elementor-element elementor-element-0fa0711\" data-id=\"0fa0711\" data-element_type=\"column\">\n\t\t\t<div class=\"elementor-column-wrap elementor-element-populated\">\n\t\t\t\t\t\t\t<div class=\"elementor-widget-wrap\">\n\t\t\t\t\t\t<section class=\"elementor-section elementor-inner-section elementor-element elementor-element-2cc716c elementor-hidden-tablet elementor-hidden-phone elementor-section-boxed elementor-section-height-default elementor-section-height-default parallax_section_no qode_elementor_container_no\" data-id=\"2cc716c\" data-element_type=\"section\">\n\t\t\t\t\t\t<div class=\"elementor-container elementor-column-gap-default\">\n\t\t\t\t\t\t\t<div class=\"elementor-row\">\n\t\t\t\t\t<div class=\"elementor-column elementor-col-50 elementor-inner-column elementor-element elementor-element-c4996eb\" data-id=\"c4996eb\" data-element_type=\"column\">\n\t\t\t<div class=\"elementor-column-wrap elementor-element-populated\">\n\t\t\t\t\t\t\t<div class=\"elementor-widget-wrap\">\n\t\t\t\t\t\t<div class=\"elementor-element elementor-element-1d958be elementor-widget elementor-widget-image\" data-id=\"1d958be\" data-element_type=\"widget\" data-widget_type=\"image.default\">\n\t\t\t\t<div class=\"elementor-widget-container\">\n\t\t\t\t\t\t\t\t<div class=\"elementor-image\">\n\t\t\t\t\t\t\t\t\t\t\t\t\t<a href=\"https:\/\/ulusalsavunma.com.tr\/en\/ege-savunma-sanayi-ve-tedarikci-zirvesi\/\">\n\t\t\t\t\t\t\t<img width=\"770\" height=\"470\" src=\"https:\/\/ulusalsavunma.com.tr\/wp-content\/uploads\/2021\/02\/ege-savunma-sanayi-zirvesi.jpg\" class=\"attachment-full size-full\" alt=\"\" loading=\"lazy\" srcset=\"https:\/\/ulusalsavunma.com.tr\/wp-content\/uploads\/2021\/02\/ege-savunma-sanayi-zirvesi.jpg 770w, https:\/\/ulusalsavunma.com.tr\/wp-content\/uploads\/2021\/02\/ege-savunma-sanayi-zirvesi-300x183.jpg 300w, https:\/\/ulusalsavunma.com.tr\/wp-content\/uploads\/2021\/02\/ege-savunma-sanayi-zirvesi-768x469.jpg 768w, https:\/\/ulusalsavunma.com.tr\/wp-content\/uploads\/2021\/02\/ege-savunma-sanayi-zirvesi-16x10.jpg 16w, https:\/\/ulusalsavunma.com.tr\/wp-content\/uploads\/2021\/02\/ege-savunma-sanayi-zirvesi-700x427.jpg 700w\" sizes=\"(max-width: 770px) 100vw, 770px\" \/>\t\t\t\t\t\t\t\t<\/a>\n\t\t\t\t\t\t\t\t\t\t\t\t\t\t<\/div>\n\t\t\t\t\t\t<\/div>\n\t\t\t\t<\/div>\n\t\t\t\t\t\t<\/div>\n\t\t\t\t\t<\/div>\n\t\t<\/div>\n\t\t\t\t<div class=\"elementor-column elementor-col-50 elementor-inner-column elementor-element elementor-element-bcde26c\" data-id=\"bcde26c\" data-element_type=\"column\">\n\t\t\t<div class=\"elementor-column-wrap elementor-element-populated\">\n\t\t\t\t\t\t\t<div class=\"elementor-widget-wrap\">\n\t\t\t\t\t\t<div class=\"elementor-element elementor-element-0d7f3b5 elementor-widget elementor-widget-heading\" data-id=\"0d7f3b5\" data-element_type=\"widget\" data-widget_type=\"heading.default\">\n\t\t\t\t<div class=\"elementor-widget-container\">\n\t\t\t<p class=\"elementor-heading-title elementor-size-default\"><a href=\"https:\/\/ulusalsavunma.com.tr\/en\/ege-savunma-sanayi-ve-tedarikci-zirvesi\/\">Aegean Defence Industry &amp; Supplier Summit<\/a><\/p>\t\t<\/div>\n\t\t\t\t<\/div>\n\t\t\t\t\t\t<\/div>\n\t\t\t\t\t<\/div>\n\t\t<\/div>\n\t\t\t\t\t\t\t\t<\/div>\n\t\t\t\t\t<\/div>\n\t\t<\/section>\n\t\t\t\t<section class=\"elementor-section elementor-inner-section elementor-element elementor-element-507b9bc elementor-hidden-tablet elementor-hidden-phone elementor-section-boxed elementor-section-height-default elementor-section-height-default parallax_section_no qode_elementor_container_no\" data-id=\"507b9bc\" data-element_type=\"section\">\n\t\t\t\t\t\t<div class=\"elementor-container elementor-column-gap-default\">\n\t\t\t\t\t\t\t<div class=\"elementor-row\">\n\t\t\t\t\t<div class=\"elementor-column elementor-col-50 elementor-inner-column elementor-element elementor-element-6fcc666\" data-id=\"6fcc666\" data-element_type=\"column\">\n\t\t\t<div class=\"elementor-column-wrap elementor-element-populated\">\n\t\t\t\t\t\t\t<div class=\"elementor-widget-wrap\">\n\t\t\t\t\t\t<div class=\"elementor-element elementor-element-dbfd01c elementor-widget elementor-widget-image\" data-id=\"dbfd01c\" data-element_type=\"widget\" data-widget_type=\"image.default\">\n\t\t\t\t<div class=\"elementor-widget-container\">\n\t\t\t\t\t\t\t\t<div class=\"elementor-image\">\n\t\t\t\t\t\t\t\t\t\t\t\t\t<a href=\"https:\/\/ulusalsavunma.com.tr\/en\/2-askeri-radar-ve-sinir-guvenligi-zirvesi\/\">\n\t\t\t\t\t\t\t<img width=\"770\" height=\"470\" src=\"https:\/\/ulusalsavunma.com.tr\/wp-content\/uploads\/2021\/02\/II-Uluslararasi-Askeri-Radar-ve-Sinir-Guvenligi-Zirvesi-2.jpg\" class=\"attachment-full size-full\" alt=\"\" loading=\"lazy\" srcset=\"https:\/\/ulusalsavunma.com.tr\/wp-content\/uploads\/2021\/02\/II-Uluslararasi-Askeri-Radar-ve-Sinir-Guvenligi-Zirvesi-2.jpg 770w, https:\/\/ulusalsavunma.com.tr\/wp-content\/uploads\/2021\/02\/II-Uluslararasi-Askeri-Radar-ve-Sinir-Guvenligi-Zirvesi-2-300x183.jpg 300w, https:\/\/ulusalsavunma.com.tr\/wp-content\/uploads\/2021\/02\/II-Uluslararasi-Askeri-Radar-ve-Sinir-Guvenligi-Zirvesi-2-768x469.jpg 768w, https:\/\/ulusalsavunma.com.tr\/wp-content\/uploads\/2021\/02\/II-Uluslararasi-Askeri-Radar-ve-Sinir-Guvenligi-Zirvesi-2-16x10.jpg 16w, https:\/\/ulusalsavunma.com.tr\/wp-content\/uploads\/2021\/02\/II-Uluslararasi-Askeri-Radar-ve-Sinir-Guvenligi-Zirvesi-2-700x427.jpg 700w\" sizes=\"(max-width: 770px) 100vw, 770px\" \/>\t\t\t\t\t\t\t\t<\/a>\n\t\t\t\t\t\t\t\t\t\t\t\t\t\t<\/div>\n\t\t\t\t\t\t<\/div>\n\t\t\t\t<\/div>\n\t\t\t\t\t\t<\/div>\n\t\t\t\t\t<\/div>\n\t\t<\/div>\n\t\t\t\t<div class=\"elementor-column elementor-col-50 elementor-inner-column elementor-element elementor-element-e6ebb6a\" data-id=\"e6ebb6a\" data-element_type=\"column\">\n\t\t\t<div class=\"elementor-column-wrap elementor-element-populated\">\n\t\t\t\t\t\t\t<div class=\"elementor-widget-wrap\">\n\t\t\t\t\t\t<div class=\"elementor-element elementor-element-0541407 elementor-widget elementor-widget-heading\" data-id=\"0541407\" data-element_type=\"widget\" data-widget_type=\"heading.default\">\n\t\t\t\t<div class=\"elementor-widget-container\">\n\t\t\t<p class=\"elementor-heading-title elementor-size-default\"><a href=\"https:\/\/ulusalsavunma.com.tr\/en\/2-askeri-radar-ve-sinir-guvenligi-zirvesi\/\">II. International Military Radar and Border Security Summit<\/a><\/p>\t\t<\/div>\n\t\t\t\t<\/div>\n\t\t\t\t\t\t<\/div>\n\t\t\t\t\t<\/div>\n\t\t<\/div>\n\t\t\t\t\t\t\t\t<\/div>\n\t\t\t\t\t<\/div>\n\t\t<\/section>\n\t\t\t\t<section class=\"elementor-section elementor-inner-section elementor-element elementor-element-01de8dc elementor-hidden-tablet elementor-hidden-phone elementor-section-boxed elementor-section-height-default elementor-section-height-default parallax_section_no qode_elementor_container_no\" data-id=\"01de8dc\" data-element_type=\"section\">\n\t\t\t\t\t\t<div class=\"elementor-container elementor-column-gap-default\">\n\t\t\t\t\t\t\t<div class=\"elementor-row\">\n\t\t\t\t\t<div class=\"elementor-column elementor-col-50 elementor-inner-column elementor-element elementor-element-ea8983d\" data-id=\"ea8983d\" data-element_type=\"column\">\n\t\t\t<div class=\"elementor-column-wrap elementor-element-populated\">\n\t\t\t\t\t\t\t<div class=\"elementor-widget-wrap\">\n\t\t\t\t\t\t<div class=\"elementor-element elementor-element-58102f6 elementor-widget elementor-widget-image\" data-id=\"58102f6\" data-element_type=\"widget\" data-widget_type=\"image.default\">\n\t\t\t\t<div class=\"elementor-widget-container\">\n\t\t\t\t\t\t\t\t<div class=\"elementor-image\">\n\t\t\t\t\t\t\t\t\t\t\t\t\t<a href=\"https:\/\/ulusalsavunma.com.tr\/en\/uluslararasi-askeri-radar-ve-sinir-guvenligi-zirvesi\/\">\n\t\t\t\t\t\t\t<img width=\"770\" height=\"470\" src=\"https:\/\/ulusalsavunma.com.tr\/wp-content\/uploads\/2021\/02\/II-Uluslararasi-Askeri-Radar-ve-Sinir-Guvenligi-Zirvesi.jpg\" class=\"attachment-full size-full\" alt=\"\" loading=\"lazy\" srcset=\"https:\/\/ulusalsavunma.com.tr\/wp-content\/uploads\/2021\/02\/II-Uluslararasi-Askeri-Radar-ve-Sinir-Guvenligi-Zirvesi.jpg 770w, https:\/\/ulusalsavunma.com.tr\/wp-content\/uploads\/2021\/02\/II-Uluslararasi-Askeri-Radar-ve-Sinir-Guvenligi-Zirvesi-300x183.jpg 300w, https:\/\/ulusalsavunma.com.tr\/wp-content\/uploads\/2021\/02\/II-Uluslararasi-Askeri-Radar-ve-Sinir-Guvenligi-Zirvesi-768x469.jpg 768w, https:\/\/ulusalsavunma.com.tr\/wp-content\/uploads\/2021\/02\/II-Uluslararasi-Askeri-Radar-ve-Sinir-Guvenligi-Zirvesi-16x10.jpg 16w, https:\/\/ulusalsavunma.com.tr\/wp-content\/uploads\/2021\/02\/II-Uluslararasi-Askeri-Radar-ve-Sinir-Guvenligi-Zirvesi-700x427.jpg 700w\" sizes=\"(max-width: 770px) 100vw, 770px\" \/>\t\t\t\t\t\t\t\t<\/a>\n\t\t\t\t\t\t\t\t\t\t\t\t\t\t<\/div>\n\t\t\t\t\t\t<\/div>\n\t\t\t\t<\/div>\n\t\t\t\t\t\t<\/div>\n\t\t\t\t\t<\/div>\n\t\t<\/div>\n\t\t\t\t<div class=\"elementor-column elementor-col-50 elementor-inner-column elementor-element elementor-element-db1150d\" data-id=\"db1150d\" data-element_type=\"column\">\n\t\t\t<div class=\"elementor-column-wrap elementor-element-populated\">\n\t\t\t\t\t\t\t<div class=\"elementor-widget-wrap\">\n\t\t\t\t\t\t<div class=\"elementor-element elementor-element-1948a53 elementor-widget elementor-widget-heading\" data-id=\"1948a53\" data-element_type=\"widget\" data-widget_type=\"heading.default\">\n\t\t\t\t<div class=\"elementor-widget-container\">\n\t\t\t<p class=\"elementor-heading-title elementor-size-default\"><a href=\"https:\/\/ulusalsavunma.com.tr\/en\/uluslararasi-askeri-radar-ve-sinir-guvenligi-zirvesi\/\">International Military Radar and Border Security Summit<\/a><\/p>\t\t<\/div>\n\t\t\t\t<\/div>\n\t\t\t\t\t\t<\/div>\n\t\t\t\t\t<\/div>\n\t\t<\/div>\n\t\t\t\t\t\t\t\t<\/div>\n\t\t\t\t\t<\/div>\n\t\t<\/section>\n\t\t\t\t\t\t<\/div>\n\t\t\t\t\t<\/div>\n\t\t<\/div>\n\t\t\t\t\t\t\t\t<\/div>\n\t\t\t\t\t<\/div>\n\t\t<\/section>\n\t\t\t\t<section class=\"elementor-section elementor-top-section elementor-element elementor-element-52baa75 elementor-section-boxed elementor-section-height-default elementor-section-height-default parallax_section_no qode_elementor_container_no\" data-id=\"52baa75\" data-element_type=\"section\">\n\t\t\t\t\t\t<div class=\"elementor-container elementor-column-gap-default\">\n\t\t\t\t\t\t\t<div class=\"elementor-row\">\n\t\t\t\t\t<div class=\"elementor-column elementor-col-100 elementor-top-column elementor-element elementor-element-b4d1246\" data-id=\"b4d1246\" data-element_type=\"column\">\n\t\t\t<div class=\"elementor-column-wrap elementor-element-populated\">\n\t\t\t\t\t\t\t<div class=\"elementor-widget-wrap\">\n\t\t\t\t\t\t<div class=\"elementor-element elementor-element-c643fe4 elementor-widget elementor-widget-spacer\" data-id=\"c643fe4\" data-element_type=\"widget\" data-widget_type=\"spacer.default\">\n\t\t\t\t<div class=\"elementor-widget-container\">\n\t\t\t\t\t<div class=\"elementor-spacer\">\n\t\t\t<div class=\"elementor-spacer-inner\"><\/div>\n\t\t<\/div>\n\t\t\t\t<\/div>\n\t\t\t\t<\/div>\n\t\t\t\t\t\t<\/div>\n\t\t\t\t\t<\/div>\n\t\t<\/div>\n\t\t\t\t\t\t\t\t<\/div>\n\t\t\t\t\t<\/div>\n\t\t<\/section>\n\t\t\t\t\t\t\t\t\t<\/div>\n\t\t\t<\/div>\n\t\t\t\t\t<\/div>","protected":false},"excerpt":{"rendered":"<p>5 Temmuz 2018 SEDEC 2018\u2019e Kat\u0131lan Ulusal Savunma, Stand\u0131nda Yerli ve Yabanc\u0131 Heyetleri A\u011f\u0131rlad\u0131 Ulusal Savunma, 3-5 Temmuz 2018 tarihlerinde Ankara\u2019da ger\u00e7ekle\u015ftirilen SEDEC 2018\u2019e kat\u0131ld\u0131. Firma, stand\u0131nda pek \u00e7ok yerli ve yabanc\u0131 resmi heyeti a\u011f\u0131rlad\u0131. Anayurt g\u00fcvenli\u011fi, s\u0131n\u0131r g\u00fcvenli\u011fi, i\u00e7 g\u00fcvenlik ve savunma sistemleri alan\u0131nda&#8230;<\/p>","protected":false},"author":1,"featured_media":0,"parent":0,"menu_order":0,"comment_status":"closed","ping_status":"closed","template":"","meta":{"spay_email":""},"yoast_head":"<!-- This site is optimized with the Yoast SEO plugin v18.5.1 - https:\/\/yoast.com\/wordpress\/plugins\/seo\/ -->\n<title>SEDEC 2018 | Ulusal Savunma<\/title>\n<meta name=\"robots\" content=\"index, follow, max-snippet:-1, max-image-preview:large, max-video-preview:-1\" \/>\n<link rel=\"canonical\" href=\"https:\/\/ulusalsavunma.com.tr\/en\/sedec-2018\/\" \/>\n<meta property=\"og:locale\" content=\"en_GB\" \/>\n<meta property=\"og:type\" content=\"article\" \/>\n<meta property=\"og:title\" content=\"SEDEC 2018 | Ulusal Savunma\" \/>\n<meta property=\"og:description\" content=\"5 Temmuz 2018 SEDEC 2018\u2019e Kat\u0131lan Ulusal Savunma, Stand\u0131nda Yerli ve Yabanc\u0131 Heyetleri A\u011f\u0131rlad\u0131 Ulusal Savunma, 3-5 Temmuz 2018 tarihlerinde Ankara\u2019da ger\u00e7ekle\u015ftirilen SEDEC 2018\u2019e kat\u0131ld\u0131. Firma, stand\u0131nda pek \u00e7ok yerli ve yabanc\u0131 resmi heyeti a\u011f\u0131rlad\u0131. Anayurt g\u00fcvenli\u011fi, s\u0131n\u0131r g\u00fcvenli\u011fi, i\u00e7 g\u00fcvenlik ve savunma sistemleri alan\u0131nda...\" \/>\n<meta property=\"og:url\" content=\"https:\/\/ulusalsavunma.com.tr\/en\/sedec-2018\/\" \/>\n<meta property=\"og:site_name\" content=\"Ulusal Savunma\" \/>\n<meta property=\"article:modified_time\" content=\"2021-02-27T09:58:26+00:00\" \/>\n<meta property=\"og:image\" content=\"http:\/\/ulusalsavunma.com.tr\/wp-content\/uploads\/2021\/02\/SEDEC-2018-2.jpg\" \/>\n<meta name=\"twitter:card\" content=\"summary_large_image\" \/>\n<meta name=\"twitter:label1\" content=\"Estimated reading time\" \/>\n\t<meta name=\"twitter:data1\" content=\"2 minutes\" \/>\n<script type=\"application\/ld+json\" class=\"yoast-schema-graph\">{\"@context\":\"https:\/\/schema.org\",\"@graph\":[{\"@type\":\"WebSite\",\"@id\":\"https:\/\/ulusalsavunma.com.tr\/#website\",\"url\":\"https:\/\/ulusalsavunma.com.tr\/\",\"name\":\"Ulusal Savunma\",\"description\":\"\",\"potentialAction\":[{\"@type\":\"SearchAction\",\"target\":{\"@type\":\"EntryPoint\",\"urlTemplate\":\"https:\/\/ulusalsavunma.com.tr\/?s={search_term_string}\"},\"query-input\":\"required name=search_term_string\"}],\"inLanguage\":\"en-GB\"},{\"@type\":\"ImageObject\",\"@id\":\"https:\/\/ulusalsavunma.com.tr\/sedec-2018\/#primaryimage\",\"inLanguage\":\"en-GB\",\"url\":\"http:\/\/ulusalsavunma.com.tr\/wp-content\/uploads\/2021\/02\/SEDEC-2018-2.jpg\",\"contentUrl\":\"http:\/\/ulusalsavunma.com.tr\/wp-content\/uploads\/2021\/02\/SEDEC-2018-2.jpg\"},{\"@type\":\"WebPage\",\"@id\":\"https:\/\/ulusalsavunma.com.tr\/sedec-2018\/#webpage\",\"url\":\"https:\/\/ulusalsavunma.com.tr\/sedec-2018\/\",\"name\":\"SEDEC 2018 | Ulusal Savunma\",\"isPartOf\":{\"@id\":\"https:\/\/ulusalsavunma.com.tr\/#website\"},\"primaryImageOfPage\":{\"@id\":\"https:\/\/ulusalsavunma.com.tr\/sedec-2018\/#primaryimage\"},\"datePublished\":\"2021-01-27T09:43:46+00:00\",\"dateModified\":\"2021-02-27T09:58:26+00:00\",\"breadcrumb\":{\"@id\":\"https:\/\/ulusalsavunma.com.tr\/sedec-2018\/#breadcrumb\"},\"inLanguage\":\"en-GB\",\"potentialAction\":[{\"@type\":\"ReadAction\",\"target\":[\"https:\/\/ulusalsavunma.com.tr\/sedec-2018\/\"]}]},{\"@type\":\"BreadcrumbList\",\"@id\":\"https:\/\/ulusalsavunma.com.tr\/sedec-2018\/#breadcrumb\",\"itemListElement\":[{\"@type\":\"ListItem\",\"position\":1,\"name\":\"Ana Sayfa\",\"item\":\"https:\/\/ulusalsavunma.com.tr\/\"},{\"@type\":\"ListItem\",\"position\":2,\"name\":\"SEDEC 2018\"}]}]}<\/script>\n<!-- \/ Yoast SEO plugin. -->","yoast_head_json":{"title":"SEDEC 2018 | Ulusal Savunma","robots":{"index":"index","follow":"follow","max-snippet":"max-snippet:-1","max-image-preview":"max-image-preview:large","max-video-preview":"max-video-preview:-1"},"canonical":"https:\/\/ulusalsavunma.com.tr\/en\/sedec-2018\/","og_locale":"en_GB","og_type":"article","og_title":"SEDEC 2018 | Ulusal Savunma","og_description":"5 Temmuz 2018 SEDEC 2018\u2019e Kat\u0131lan Ulusal Savunma, Stand\u0131nda Yerli ve Yabanc\u0131 Heyetleri A\u011f\u0131rlad\u0131 Ulusal Savunma, 3-5 Temmuz 2018 tarihlerinde Ankara\u2019da ger\u00e7ekle\u015ftirilen SEDEC 2018\u2019e kat\u0131ld\u0131. Firma, stand\u0131nda pek \u00e7ok yerli ve yabanc\u0131 resmi heyeti a\u011f\u0131rlad\u0131. Anayurt g\u00fcvenli\u011fi, s\u0131n\u0131r g\u00fcvenli\u011fi, i\u00e7 g\u00fcvenlik ve savunma sistemleri alan\u0131nda...","og_url":"https:\/\/ulusalsavunma.com.tr\/en\/sedec-2018\/","og_site_name":"Ulusal Savunma","article_modified_time":"2021-02-27T09:58:26+00:00","og_image":[{"url":"http:\/\/ulusalsavunma.com.tr\/wp-content\/uploads\/2021\/02\/SEDEC-2018-2.jpg"}],"twitter_card":"summary_large_image","twitter_misc":{"Estimated reading time":"2 minutes"},"schema":{"@context":"https:\/\/schema.org","@graph":[{"@type":"WebSite","@id":"https:\/\/ulusalsavunma.com.tr\/#website","url":"https:\/\/ulusalsavunma.com.tr\/","name":"Ulusal Savunma","description":"","potentialAction":[{"@type":"SearchAction","target":{"@type":"EntryPoint","urlTemplate":"https:\/\/ulusalsavunma.com.tr\/?s={search_term_string}"},"query-input":"required name=search_term_string"}],"inLanguage":"en-GB"},{"@type":"ImageObject","@id":"https:\/\/ulusalsavunma.com.tr\/sedec-2018\/#primaryimage","inLanguage":"en-GB","url":"http:\/\/ulusalsavunma.com.tr\/wp-content\/uploads\/2021\/02\/SEDEC-2018-2.jpg","contentUrl":"http:\/\/ulusalsavunma.com.tr\/wp-content\/uploads\/2021\/02\/SEDEC-2018-2.jpg"},{"@type":"WebPage","@id":"https:\/\/ulusalsavunma.com.tr\/sedec-2018\/#webpage","url":"https:\/\/ulusalsavunma.com.tr\/sedec-2018\/","name":"SEDEC 2018 | Ulusal Savunma","isPartOf":{"@id":"https:\/\/ulusalsavunma.com.tr\/#website"},"primaryImageOfPage":{"@id":"https:\/\/ulusalsavunma.com.tr\/sedec-2018\/#primaryimage"},"datePublished":"2021-01-27T09:43:46+00:00","dateModified":"2021-02-27T09:58:26+00:00","breadcrumb":{"@id":"https:\/\/ulusalsavunma.com.tr\/sedec-2018\/#breadcrumb"},"inLanguage":"en-GB","potentialAction":[{"@type":"ReadAction","target":["https:\/\/ulusalsavunma.com.tr\/sedec-2018\/"]}]},{"@type":"BreadcrumbList","@id":"https:\/\/ulusalsavunma.com.tr\/sedec-2018\/#breadcrumb","itemListElement":[{"@type":"ListItem","position":1,"name":"Ana Sayfa","item":"https:\/\/ulusalsavunma.com.tr\/"},{"@type":"ListItem","position":2,"name":"SEDEC 2018"}]}]}},"_links":{"self":[{"href":"https:\/\/ulusalsavunma.com.tr\/en\/wp-json\/wp\/v2\/pages\/1327"}],"collection":[{"href":"https:\/\/ulusalsavunma.com.tr\/en\/wp-json\/wp\/v2\/pages"}],"about":[{"href":"https:\/\/ulusalsavunma.com.tr\/en\/wp-json\/wp\/v2\/types\/page"}],"author":[{"embeddable":true,"href":"https:\/\/ulusalsavunma.com.tr\/en\/wp-json\/wp\/v2\/users\/1"}],"replies":[{"embeddable":true,"href":"https:\/\/ulusalsavunma.com.tr\/en\/wp-json\/wp\/v2\/comments?post=1327"}],"version-history":[{"count":53,"href":"https:\/\/ulusalsavunma.com.tr\/en\/wp-json\/wp\/v2\/pages\/1327\/revisions"}],"predecessor-version":[{"id":3342,"href":"https:\/\/ulusalsavunma.com.tr\/en\/wp-json\/wp\/v2\/pages\/1327\/revisions\/3342"}],"wp:attachment":[{"href":"https:\/\/ulusalsavunma.com.tr\/en\/wp-json\/wp\/v2\/media?parent=1327"}],"curies":[{"name":"wp","href":"https:\/\/api.w.org\/{rel}","templated":true}]}}