{"id":1332,"date":"2021-01-27T12:55:32","date_gmt":"2021-01-27T09:55:32","guid":{"rendered":"http:\/\/demo.milscint.com\/ulusalsavunma\/?page_id=1332"},"modified":"2021-02-27T12:37:59","modified_gmt":"2021-02-27T09:37:59","slug":"2-askeri-radar-ve-sinir-guvenligi-zirvesi","status":"publish","type":"page","link":"https:\/\/ulusalsavunma.com.tr\/en\/2-askeri-radar-ve-sinir-guvenligi-zirvesi\/","title":{"rendered":"II. International Military Radar and Border Security Summit"},"content":{"rendered":"<div data-elementor-type=\"wp-page\" data-elementor-id=\"1332\" class=\"elementor elementor-1332\">\n\t\t\t\t\t\t<div class=\"elementor-inner\">\n\t\t\t\t<div class=\"elementor-section-wrap\">\n\t\t\t\t\t\t\t\t\t<section class=\"elementor-section elementor-top-section elementor-element elementor-element-22715ed elementor-section-boxed elementor-section-height-default elementor-section-height-default parallax_section_no qode_elementor_container_no\" data-id=\"22715ed\" data-element_type=\"section\">\n\t\t\t\t\t\t<div class=\"elementor-container elementor-column-gap-default\">\n\t\t\t\t\t\t\t<div class=\"elementor-row\">\n\t\t\t\t\t<div class=\"elementor-column elementor-col-100 elementor-top-column elementor-element elementor-element-3aef439\" data-id=\"3aef439\" data-element_type=\"column\">\n\t\t\t<div class=\"elementor-column-wrap elementor-element-populated\">\n\t\t\t\t\t\t\t<div class=\"elementor-widget-wrap\">\n\t\t\t\t\t\t<div class=\"elementor-element elementor-element-44d43ab elementor-widget elementor-widget-spacer\" data-id=\"44d43ab\" data-element_type=\"widget\" data-widget_type=\"spacer.default\">\n\t\t\t\t<div class=\"elementor-widget-container\">\n\t\t\t\t\t<div class=\"elementor-spacer\">\n\t\t\t<div class=\"elementor-spacer-inner\"><\/div>\n\t\t<\/div>\n\t\t\t\t<\/div>\n\t\t\t\t<\/div>\n\t\t\t\t\t\t<\/div>\n\t\t\t\t\t<\/div>\n\t\t<\/div>\n\t\t\t\t\t\t\t\t<\/div>\n\t\t\t\t\t<\/div>\n\t\t<\/section>\n\t\t\t\t<section class=\"elementor-section elementor-top-section elementor-element elementor-element-b77a9b9 elementor-section-boxed elementor-section-height-default elementor-section-height-default parallax_section_no qode_elementor_container_no\" data-id=\"b77a9b9\" data-element_type=\"section\">\n\t\t\t\t\t\t<div class=\"elementor-container elementor-column-gap-default\">\n\t\t\t\t\t\t\t<div class=\"elementor-row\">\n\t\t\t\t\t<div class=\"elementor-column elementor-col-50 elementor-top-column elementor-element elementor-element-af74e46\" data-id=\"af74e46\" data-element_type=\"column\">\n\t\t\t<div class=\"elementor-column-wrap elementor-element-populated\">\n\t\t\t\t\t\t\t<div class=\"elementor-widget-wrap\">\n\t\t\t\t\t\t<div class=\"elementor-element elementor-element-5f40ca3 elementor-widget elementor-widget-image\" data-id=\"5f40ca3\" data-element_type=\"widget\" data-widget_type=\"image.default\">\n\t\t\t\t<div class=\"elementor-widget-container\">\n\t\t\t\t\t\t\t\t<div class=\"elementor-image\">\n\t\t\t\t\t\t\t\t\t\t\t\t<img width=\"770\" height=\"470\" src=\"https:\/\/ulusalsavunma.com.tr\/wp-content\/uploads\/2021\/02\/II-Uluslararasi-Askeri-Radar-ve-Sinir-Guvenligi-Zirvesi-2.jpg\" class=\"attachment-full size-full\" alt=\"\" loading=\"lazy\" srcset=\"https:\/\/ulusalsavunma.com.tr\/wp-content\/uploads\/2021\/02\/II-Uluslararasi-Askeri-Radar-ve-Sinir-Guvenligi-Zirvesi-2.jpg 770w, https:\/\/ulusalsavunma.com.tr\/wp-content\/uploads\/2021\/02\/II-Uluslararasi-Askeri-Radar-ve-Sinir-Guvenligi-Zirvesi-2-300x183.jpg 300w, https:\/\/ulusalsavunma.com.tr\/wp-content\/uploads\/2021\/02\/II-Uluslararasi-Askeri-Radar-ve-Sinir-Guvenligi-Zirvesi-2-768x469.jpg 768w, https:\/\/ulusalsavunma.com.tr\/wp-content\/uploads\/2021\/02\/II-Uluslararasi-Askeri-Radar-ve-Sinir-Guvenligi-Zirvesi-2-16x10.jpg 16w, https:\/\/ulusalsavunma.com.tr\/wp-content\/uploads\/2021\/02\/II-Uluslararasi-Askeri-Radar-ve-Sinir-Guvenligi-Zirvesi-2-700x427.jpg 700w\" sizes=\"(max-width: 770px) 100vw, 770px\" \/>\t\t\t\t\t\t\t\t\t\t\t\t\t\t<\/div>\n\t\t\t\t\t\t<\/div>\n\t\t\t\t<\/div>\n\t\t\t\t<div class=\"elementor-element elementor-element-d6d4d54 elementor-widget elementor-widget-bridge_icon_text\" data-id=\"d6d4d54\" data-element_type=\"widget\" data-widget_type=\"bridge_icon_text.default\">\n\t\t\t\t<div class=\"elementor-widget-container\">\n\t\t\t<div class='q_icon_with_title tiny normal_icon'><div class=\"icon_holder q_icon_animation\" style=\" \"><span data-icon-type=\"normal\"   style=\"\" class=\"qode_iwt_icon_holder q_font_awsome_icon fa-lg\"><i class=\"qode_icon_font_awesome fa fa-clock-o qode_iwt_icon_element\" style=\"\" ><\/i><\/span><\/div><div class=\"icon_text_holder\" style=\"padding-left:25px;\"><div class=\"icon_text_inner\" style=\"\"><h5 class=\"icon_title\" style=\"\"><\/h5><p style=''>3 October 2019<\/p><\/div><\/div><\/div>\t\t<\/div>\n\t\t\t\t<\/div>\n\t\t\t\t<div class=\"elementor-element elementor-element-8e81254 elementor-widget elementor-widget-heading\" data-id=\"8e81254\" data-element_type=\"widget\" data-widget_type=\"heading.default\">\n\t\t\t\t<div class=\"elementor-widget-container\">\n\t\t\t<h2 class=\"elementor-heading-title elementor-size-default\">Ulusal Savunma Welcomes Ministerial Level Guests to the II. International Military Radar and Border Security Summit<\/h2>\t\t<\/div>\n\t\t\t\t<\/div>\n\t\t\t\t<div class=\"elementor-element elementor-element-3e65dda elementor-widget elementor-widget-text-editor\" data-id=\"3e65dda\" data-element_type=\"widget\" data-widget_type=\"text-editor.default\">\n\t\t\t\t<div class=\"elementor-widget-container\">\n\t\t\t\t\t\t\t\t<div class=\"elementor-text-editor elementor-clearfix\">\n\t\t\t\t<p>Ulusal Savunma took part in the II. International Military Radar and Border Security Summit held in Ankara on 2\u20133 October, 2019, where Hulusi Akar, Minister of National Defence; S\u00fcleyman Soylu, Minister of Interior; General Ya\u015far G\u00fcler, Commander of the Turkish Armed Forces; and General \u00dcmit D\u00fcndar, Commander of the Turkish Land Forces, were among the many important names who visited the company\u2019s stand. The products and capabilities of the company in anti-drone systems were on display at the stand, including its 360-Degree Anti-Drone System UAV CAGE and its Directed Anti-Drone System UAVMIX.<\/p>\t\t\t\t\t<\/div>\n\t\t\t\t\t\t<\/div>\n\t\t\t\t<\/div>\n\t\t\t\t\t\t<\/div>\n\t\t\t\t\t<\/div>\n\t\t<\/div>\n\t\t\t\t<div class=\"elementor-column elementor-col-50 elementor-top-column elementor-element elementor-element-8b41db0\" data-id=\"8b41db0\" data-element_type=\"column\">\n\t\t\t<div class=\"elementor-column-wrap elementor-element-populated\">\n\t\t\t\t\t\t\t<div class=\"elementor-widget-wrap\">\n\t\t\t\t\t\t<section class=\"elementor-section elementor-inner-section elementor-element elementor-element-c26bc1e elementor-hidden-tablet elementor-hidden-phone elementor-section-boxed elementor-section-height-default elementor-section-height-default parallax_section_no qode_elementor_container_no\" data-id=\"c26bc1e\" data-element_type=\"section\">\n\t\t\t\t\t\t<div class=\"elementor-container elementor-column-gap-default\">\n\t\t\t\t\t\t\t<div class=\"elementor-row\">\n\t\t\t\t\t<div class=\"elementor-column elementor-col-50 elementor-inner-column elementor-element elementor-element-f39f177\" data-id=\"f39f177\" data-element_type=\"column\">\n\t\t\t<div class=\"elementor-column-wrap elementor-element-populated\">\n\t\t\t\t\t\t\t<div class=\"elementor-widget-wrap\">\n\t\t\t\t\t\t<div class=\"elementor-element elementor-element-336c480 elementor-widget elementor-widget-image\" data-id=\"336c480\" data-element_type=\"widget\" data-widget_type=\"image.default\">\n\t\t\t\t<div class=\"elementor-widget-container\">\n\t\t\t\t\t\t\t\t<div class=\"elementor-image\">\n\t\t\t\t\t\t\t\t\t\t\t\t\t<a href=\"https:\/\/ulusalsavunma.com.tr\/en\/sedec-2018\/\">\n\t\t\t\t\t\t\t<img width=\"770\" height=\"470\" src=\"https:\/\/ulusalsavunma.com.tr\/wp-content\/uploads\/2021\/02\/SEDEC-2018-1.jpg\" class=\"attachment-full size-full\" alt=\"\" loading=\"lazy\" srcset=\"https:\/\/ulusalsavunma.com.tr\/wp-content\/uploads\/2021\/02\/SEDEC-2018-1.jpg 770w, https:\/\/ulusalsavunma.com.tr\/wp-content\/uploads\/2021\/02\/SEDEC-2018-1-300x183.jpg 300w, https:\/\/ulusalsavunma.com.tr\/wp-content\/uploads\/2021\/02\/SEDEC-2018-1-768x469.jpg 768w, https:\/\/ulusalsavunma.com.tr\/wp-content\/uploads\/2021\/02\/SEDEC-2018-1-16x10.jpg 16w, https:\/\/ulusalsavunma.com.tr\/wp-content\/uploads\/2021\/02\/SEDEC-2018-1-700x427.jpg 700w\" sizes=\"(max-width: 770px) 100vw, 770px\" \/>\t\t\t\t\t\t\t\t<\/a>\n\t\t\t\t\t\t\t\t\t\t\t\t\t\t<\/div>\n\t\t\t\t\t\t<\/div>\n\t\t\t\t<\/div>\n\t\t\t\t\t\t<\/div>\n\t\t\t\t\t<\/div>\n\t\t<\/div>\n\t\t\t\t<div class=\"elementor-column elementor-col-50 elementor-inner-column elementor-element elementor-element-d3cd982\" data-id=\"d3cd982\" data-element_type=\"column\">\n\t\t\t<div class=\"elementor-column-wrap elementor-element-populated\">\n\t\t\t\t\t\t\t<div class=\"elementor-widget-wrap\">\n\t\t\t\t\t\t<div class=\"elementor-element elementor-element-15e323e elementor-widget elementor-widget-heading\" data-id=\"15e323e\" data-element_type=\"widget\" data-widget_type=\"heading.default\">\n\t\t\t\t<div class=\"elementor-widget-container\">\n\t\t\t<p class=\"elementor-heading-title elementor-size-default\"><a href=\"https:\/\/ulusalsavunma.com.tr\/en\/sedec-2018\/\">SEDEC 2018<\/a><\/p>\t\t<\/div>\n\t\t\t\t<\/div>\n\t\t\t\t\t\t<\/div>\n\t\t\t\t\t<\/div>\n\t\t<\/div>\n\t\t\t\t\t\t\t\t<\/div>\n\t\t\t\t\t<\/div>\n\t\t<\/section>\n\t\t\t\t<section class=\"elementor-section elementor-inner-section elementor-element elementor-element-0d296f9 elementor-hidden-tablet elementor-hidden-phone elementor-section-boxed elementor-section-height-default elementor-section-height-default parallax_section_no qode_elementor_container_no\" data-id=\"0d296f9\" data-element_type=\"section\">\n\t\t\t\t\t\t<div class=\"elementor-container elementor-column-gap-default\">\n\t\t\t\t\t\t\t<div class=\"elementor-row\">\n\t\t\t\t\t<div class=\"elementor-column elementor-col-50 elementor-inner-column elementor-element elementor-element-c2599fb\" data-id=\"c2599fb\" data-element_type=\"column\">\n\t\t\t<div class=\"elementor-column-wrap elementor-element-populated\">\n\t\t\t\t\t\t\t<div class=\"elementor-widget-wrap\">\n\t\t\t\t\t\t<div class=\"elementor-element elementor-element-ece6264 elementor-widget elementor-widget-image\" data-id=\"ece6264\" data-element_type=\"widget\" data-widget_type=\"image.default\">\n\t\t\t\t<div class=\"elementor-widget-container\">\n\t\t\t\t\t\t\t\t<div class=\"elementor-image\">\n\t\t\t\t\t\t\t\t\t\t\t\t\t<a href=\"https:\/\/ulusalsavunma.com.tr\/en\/ege-savunma-sanayi-ve-tedarikci-zirvesi\/\">\n\t\t\t\t\t\t\t<img width=\"770\" height=\"470\" src=\"https:\/\/ulusalsavunma.com.tr\/wp-content\/uploads\/2021\/02\/ege-savunma-sanayi-zirvesi.jpg\" class=\"attachment-full size-full\" alt=\"\" loading=\"lazy\" srcset=\"https:\/\/ulusalsavunma.com.tr\/wp-content\/uploads\/2021\/02\/ege-savunma-sanayi-zirvesi.jpg 770w, https:\/\/ulusalsavunma.com.tr\/wp-content\/uploads\/2021\/02\/ege-savunma-sanayi-zirvesi-300x183.jpg 300w, https:\/\/ulusalsavunma.com.tr\/wp-content\/uploads\/2021\/02\/ege-savunma-sanayi-zirvesi-768x469.jpg 768w, https:\/\/ulusalsavunma.com.tr\/wp-content\/uploads\/2021\/02\/ege-savunma-sanayi-zirvesi-16x10.jpg 16w, https:\/\/ulusalsavunma.com.tr\/wp-content\/uploads\/2021\/02\/ege-savunma-sanayi-zirvesi-700x427.jpg 700w\" sizes=\"(max-width: 770px) 100vw, 770px\" \/>\t\t\t\t\t\t\t\t<\/a>\n\t\t\t\t\t\t\t\t\t\t\t\t\t\t<\/div>\n\t\t\t\t\t\t<\/div>\n\t\t\t\t<\/div>\n\t\t\t\t\t\t<\/div>\n\t\t\t\t\t<\/div>\n\t\t<\/div>\n\t\t\t\t<div class=\"elementor-column elementor-col-50 elementor-inner-column elementor-element elementor-element-fcb361a\" data-id=\"fcb361a\" data-element_type=\"column\">\n\t\t\t<div class=\"elementor-column-wrap elementor-element-populated\">\n\t\t\t\t\t\t\t<div class=\"elementor-widget-wrap\">\n\t\t\t\t\t\t<div class=\"elementor-element elementor-element-49a220b elementor-widget elementor-widget-heading\" data-id=\"49a220b\" data-element_type=\"widget\" data-widget_type=\"heading.default\">\n\t\t\t\t<div class=\"elementor-widget-container\">\n\t\t\t<p class=\"elementor-heading-title elementor-size-default\"><a href=\"https:\/\/ulusalsavunma.com.tr\/en\/ege-savunma-sanayi-ve-tedarikci-zirvesi\/\">Aegean Defence Industry &amp; Supplier Summit<\/a><\/p>\t\t<\/div>\n\t\t\t\t<\/div>\n\t\t\t\t\t\t<\/div>\n\t\t\t\t\t<\/div>\n\t\t<\/div>\n\t\t\t\t\t\t\t\t<\/div>\n\t\t\t\t\t<\/div>\n\t\t<\/section>\n\t\t\t\t<section class=\"elementor-section elementor-inner-section elementor-element elementor-element-f217f4a elementor-hidden-tablet elementor-hidden-phone elementor-section-boxed elementor-section-height-default elementor-section-height-default parallax_section_no qode_elementor_container_no\" data-id=\"f217f4a\" data-element_type=\"section\">\n\t\t\t\t\t\t<div class=\"elementor-container elementor-column-gap-default\">\n\t\t\t\t\t\t\t<div class=\"elementor-row\">\n\t\t\t\t\t<div class=\"elementor-column elementor-col-50 elementor-inner-column elementor-element elementor-element-e39b3db\" data-id=\"e39b3db\" data-element_type=\"column\">\n\t\t\t<div class=\"elementor-column-wrap elementor-element-populated\">\n\t\t\t\t\t\t\t<div class=\"elementor-widget-wrap\">\n\t\t\t\t\t\t<div class=\"elementor-element elementor-element-bb4a255 elementor-widget elementor-widget-image\" data-id=\"bb4a255\" data-element_type=\"widget\" data-widget_type=\"image.default\">\n\t\t\t\t<div class=\"elementor-widget-container\">\n\t\t\t\t\t\t\t\t<div class=\"elementor-image\">\n\t\t\t\t\t\t\t\t\t\t\t\t\t<a href=\"https:\/\/ulusalsavunma.com.tr\/en\/uluslararasi-askeri-radar-ve-sinir-guvenligi-zirvesi\/\">\n\t\t\t\t\t\t\t<img width=\"770\" height=\"470\" src=\"https:\/\/ulusalsavunma.com.tr\/wp-content\/uploads\/2021\/02\/II-Uluslararasi-Askeri-Radar-ve-Sinir-Guvenligi-Zirvesi.jpg\" class=\"attachment-full size-full\" alt=\"\" loading=\"lazy\" srcset=\"https:\/\/ulusalsavunma.com.tr\/wp-content\/uploads\/2021\/02\/II-Uluslararasi-Askeri-Radar-ve-Sinir-Guvenligi-Zirvesi.jpg 770w, https:\/\/ulusalsavunma.com.tr\/wp-content\/uploads\/2021\/02\/II-Uluslararasi-Askeri-Radar-ve-Sinir-Guvenligi-Zirvesi-300x183.jpg 300w, https:\/\/ulusalsavunma.com.tr\/wp-content\/uploads\/2021\/02\/II-Uluslararasi-Askeri-Radar-ve-Sinir-Guvenligi-Zirvesi-768x469.jpg 768w, https:\/\/ulusalsavunma.com.tr\/wp-content\/uploads\/2021\/02\/II-Uluslararasi-Askeri-Radar-ve-Sinir-Guvenligi-Zirvesi-16x10.jpg 16w, https:\/\/ulusalsavunma.com.tr\/wp-content\/uploads\/2021\/02\/II-Uluslararasi-Askeri-Radar-ve-Sinir-Guvenligi-Zirvesi-700x427.jpg 700w\" sizes=\"(max-width: 770px) 100vw, 770px\" \/>\t\t\t\t\t\t\t\t<\/a>\n\t\t\t\t\t\t\t\t\t\t\t\t\t\t<\/div>\n\t\t\t\t\t\t<\/div>\n\t\t\t\t<\/div>\n\t\t\t\t\t\t<\/div>\n\t\t\t\t\t<\/div>\n\t\t<\/div>\n\t\t\t\t<div class=\"elementor-column elementor-col-50 elementor-inner-column elementor-element elementor-element-0273aeb\" data-id=\"0273aeb\" data-element_type=\"column\">\n\t\t\t<div class=\"elementor-column-wrap elementor-element-populated\">\n\t\t\t\t\t\t\t<div class=\"elementor-widget-wrap\">\n\t\t\t\t\t\t<div class=\"elementor-element elementor-element-2cd4832 elementor-widget elementor-widget-heading\" data-id=\"2cd4832\" data-element_type=\"widget\" data-widget_type=\"heading.default\">\n\t\t\t\t<div class=\"elementor-widget-container\">\n\t\t\t<p class=\"elementor-heading-title elementor-size-default\"><a href=\"https:\/\/ulusalsavunma.com.tr\/en\/uluslararasi-askeri-radar-ve-sinir-guvenligi-zirvesi\/\">International Military Radar and Border Security Summit<\/a><\/p>\t\t<\/div>\n\t\t\t\t<\/div>\n\t\t\t\t\t\t<\/div>\n\t\t\t\t\t<\/div>\n\t\t<\/div>\n\t\t\t\t\t\t\t\t<\/div>\n\t\t\t\t\t<\/div>\n\t\t<\/section>\n\t\t\t\t\t\t<\/div>\n\t\t\t\t\t<\/div>\n\t\t<\/div>\n\t\t\t\t\t\t\t\t<\/div>\n\t\t\t\t\t<\/div>\n\t\t<\/section>\n\t\t\t\t<section class=\"elementor-section elementor-top-section elementor-element elementor-element-5177229 elementor-section-boxed elementor-section-height-default elementor-section-height-default parallax_section_no qode_elementor_container_no\" data-id=\"5177229\" data-element_type=\"section\">\n\t\t\t\t\t\t<div class=\"elementor-container elementor-column-gap-default\">\n\t\t\t\t\t\t\t<div class=\"elementor-row\">\n\t\t\t\t\t<div class=\"elementor-column elementor-col-100 elementor-top-column elementor-element elementor-element-5a9b8b9\" data-id=\"5a9b8b9\" data-element_type=\"column\">\n\t\t\t<div class=\"elementor-column-wrap elementor-element-populated\">\n\t\t\t\t\t\t\t<div class=\"elementor-widget-wrap\">\n\t\t\t\t\t\t<div class=\"elementor-element elementor-element-841c951 elementor-widget elementor-widget-spacer\" data-id=\"841c951\" data-element_type=\"widget\" data-widget_type=\"spacer.default\">\n\t\t\t\t<div class=\"elementor-widget-container\">\n\t\t\t\t\t<div class=\"elementor-spacer\">\n\t\t\t<div class=\"elementor-spacer-inner\"><\/div>\n\t\t<\/div>\n\t\t\t\t<\/div>\n\t\t\t\t<\/div>\n\t\t\t\t\t\t<\/div>\n\t\t\t\t\t<\/div>\n\t\t<\/div>\n\t\t\t\t\t\t\t\t<\/div>\n\t\t\t\t\t<\/div>\n\t\t<\/section>\n\t\t\t\t\t\t\t\t\t<\/div>\n\t\t\t<\/div>\n\t\t\t\t\t<\/div>","protected":false},"excerpt":{"rendered":"<p>3 Ekim 2019 Ulusal Savunma, II. Uluslararas\u0131 Askeri Radar ve S\u0131n\u0131r G\u00fcvenli\u011fi Zirvesi\u2019nde, Bakan Seviyesinde Konuklar A\u011f\u0131rlad\u0131 Ulusal Savunma, 2-3 Ekim 2019 tarihlerinde Ankara\u2019da d\u00fczenlenen II. Uluslararas\u0131 Askeri Radar ve S\u0131n\u0131r G\u00fcvenli\u011fi Zirvesi\u2019ne kat\u0131ld\u0131. Fuarda dron savar sistemleri konusundaki \u00fcr\u00fcn ve kabiliyetlerini tan\u0131tan firman\u0131n stand\u0131,&#8230;<\/p>","protected":false},"author":1,"featured_media":0,"parent":0,"menu_order":0,"comment_status":"closed","ping_status":"closed","template":"","meta":{"spay_email":""},"yoast_head":"<!-- This site is optimized with the Yoast SEO plugin v18.5.1 - https:\/\/yoast.com\/wordpress\/plugins\/seo\/ -->\n<title>II. Askeri Radar ve S\u0131n\u0131r G\u00fcvenli\u011fi Zirvesi | Ulusal Savunma<\/title>\n<meta name=\"robots\" content=\"index, follow, max-snippet:-1, max-image-preview:large, max-video-preview:-1\" \/>\n<link rel=\"canonical\" href=\"https:\/\/ulusalsavunma.com.tr\/en\/2-askeri-radar-ve-sinir-guvenligi-zirvesi\/\" \/>\n<meta property=\"og:locale\" content=\"en_GB\" \/>\n<meta property=\"og:type\" content=\"article\" \/>\n<meta property=\"og:title\" content=\"II. Askeri Radar ve S\u0131n\u0131r G\u00fcvenli\u011fi Zirvesi | Ulusal Savunma\" \/>\n<meta property=\"og:description\" content=\"3 Ekim 2019 Ulusal Savunma, II. Uluslararas\u0131 Askeri Radar ve S\u0131n\u0131r G\u00fcvenli\u011fi Zirvesi\u2019nde, Bakan Seviyesinde Konuklar A\u011f\u0131rlad\u0131 Ulusal Savunma, 2-3 Ekim 2019 tarihlerinde Ankara\u2019da d\u00fczenlenen II. Uluslararas\u0131 Askeri Radar ve S\u0131n\u0131r G\u00fcvenli\u011fi Zirvesi\u2019ne kat\u0131ld\u0131. Fuarda dron savar sistemleri konusundaki \u00fcr\u00fcn ve kabiliyetlerini tan\u0131tan firman\u0131n stand\u0131,...\" \/>\n<meta property=\"og:url\" content=\"https:\/\/ulusalsavunma.com.tr\/en\/2-askeri-radar-ve-sinir-guvenligi-zirvesi\/\" \/>\n<meta property=\"og:site_name\" content=\"Ulusal Savunma\" \/>\n<meta property=\"article:modified_time\" content=\"2021-02-27T09:37:59+00:00\" \/>\n<meta property=\"og:image\" content=\"http:\/\/ulusalsavunma.com.tr\/wp-content\/uploads\/2021\/02\/II-Uluslararasi-Askeri-Radar-ve-Sinir-Guvenligi-Zirvesi-2.jpg\" \/>\n<meta name=\"twitter:card\" content=\"summary_large_image\" \/>\n<meta name=\"twitter:label1\" content=\"Estimated reading time\" \/>\n\t<meta name=\"twitter:data1\" content=\"2 minutes\" \/>\n<script type=\"application\/ld+json\" class=\"yoast-schema-graph\">{\"@context\":\"https:\/\/schema.org\",\"@graph\":[{\"@type\":\"WebSite\",\"@id\":\"https:\/\/ulusalsavunma.com.tr\/#website\",\"url\":\"https:\/\/ulusalsavunma.com.tr\/\",\"name\":\"Ulusal Savunma\",\"description\":\"\",\"potentialAction\":[{\"@type\":\"SearchAction\",\"target\":{\"@type\":\"EntryPoint\",\"urlTemplate\":\"https:\/\/ulusalsavunma.com.tr\/?s={search_term_string}\"},\"query-input\":\"required name=search_term_string\"}],\"inLanguage\":\"en-GB\"},{\"@type\":\"ImageObject\",\"@id\":\"https:\/\/ulusalsavunma.com.tr\/en\/2-askeri-radar-ve-sinir-guvenligi-zirvesi\/#primaryimage\",\"inLanguage\":\"en-GB\",\"url\":\"http:\/\/ulusalsavunma.com.tr\/wp-content\/uploads\/2021\/02\/II-Uluslararasi-Askeri-Radar-ve-Sinir-Guvenligi-Zirvesi-2.jpg\",\"contentUrl\":\"http:\/\/ulusalsavunma.com.tr\/wp-content\/uploads\/2021\/02\/II-Uluslararasi-Askeri-Radar-ve-Sinir-Guvenligi-Zirvesi-2.jpg\"},{\"@type\":\"WebPage\",\"@id\":\"https:\/\/ulusalsavunma.com.tr\/en\/2-askeri-radar-ve-sinir-guvenligi-zirvesi\/#webpage\",\"url\":\"https:\/\/ulusalsavunma.com.tr\/en\/2-askeri-radar-ve-sinir-guvenligi-zirvesi\/\",\"name\":\"II. Askeri Radar ve S\u0131n\u0131r G\u00fcvenli\u011fi Zirvesi | Ulusal Savunma\",\"isPartOf\":{\"@id\":\"https:\/\/ulusalsavunma.com.tr\/#website\"},\"primaryImageOfPage\":{\"@id\":\"https:\/\/ulusalsavunma.com.tr\/en\/2-askeri-radar-ve-sinir-guvenligi-zirvesi\/#primaryimage\"},\"datePublished\":\"2021-01-27T09:55:32+00:00\",\"dateModified\":\"2021-02-27T09:37:59+00:00\",\"breadcrumb\":{\"@id\":\"https:\/\/ulusalsavunma.com.tr\/en\/2-askeri-radar-ve-sinir-guvenligi-zirvesi\/#breadcrumb\"},\"inLanguage\":\"en-GB\",\"potentialAction\":[{\"@type\":\"ReadAction\",\"target\":[\"https:\/\/ulusalsavunma.com.tr\/en\/2-askeri-radar-ve-sinir-guvenligi-zirvesi\/\"]}]},{\"@type\":\"BreadcrumbList\",\"@id\":\"https:\/\/ulusalsavunma.com.tr\/en\/2-askeri-radar-ve-sinir-guvenligi-zirvesi\/#breadcrumb\",\"itemListElement\":[{\"@type\":\"ListItem\",\"position\":1,\"name\":\"Ana Sayfa\",\"item\":\"https:\/\/ulusalsavunma.com.tr\/\"},{\"@type\":\"ListItem\",\"position\":2,\"name\":\"II. Askeri Radar ve S\u0131n\u0131r G\u00fcvenli\u011fi Zirvesi\"}]}]}<\/script>\n<!-- \/ Yoast SEO plugin. -->","yoast_head_json":{"title":"II. Askeri Radar ve S\u0131n\u0131r G\u00fcvenli\u011fi Zirvesi | Ulusal Savunma","robots":{"index":"index","follow":"follow","max-snippet":"max-snippet:-1","max-image-preview":"max-image-preview:large","max-video-preview":"max-video-preview:-1"},"canonical":"https:\/\/ulusalsavunma.com.tr\/en\/2-askeri-radar-ve-sinir-guvenligi-zirvesi\/","og_locale":"en_GB","og_type":"article","og_title":"II. Askeri Radar ve S\u0131n\u0131r G\u00fcvenli\u011fi Zirvesi | Ulusal Savunma","og_description":"3 Ekim 2019 Ulusal Savunma, II. Uluslararas\u0131 Askeri Radar ve S\u0131n\u0131r G\u00fcvenli\u011fi Zirvesi\u2019nde, Bakan Seviyesinde Konuklar A\u011f\u0131rlad\u0131 Ulusal Savunma, 2-3 Ekim 2019 tarihlerinde Ankara\u2019da d\u00fczenlenen II. Uluslararas\u0131 Askeri Radar ve S\u0131n\u0131r G\u00fcvenli\u011fi Zirvesi\u2019ne kat\u0131ld\u0131. Fuarda dron savar sistemleri konusundaki \u00fcr\u00fcn ve kabiliyetlerini tan\u0131tan firman\u0131n stand\u0131,...","og_url":"https:\/\/ulusalsavunma.com.tr\/en\/2-askeri-radar-ve-sinir-guvenligi-zirvesi\/","og_site_name":"Ulusal Savunma","article_modified_time":"2021-02-27T09:37:59+00:00","og_image":[{"url":"http:\/\/ulusalsavunma.com.tr\/wp-content\/uploads\/2021\/02\/II-Uluslararasi-Askeri-Radar-ve-Sinir-Guvenligi-Zirvesi-2.jpg"}],"twitter_card":"summary_large_image","twitter_misc":{"Estimated reading time":"2 minutes"},"schema":{"@context":"https:\/\/schema.org","@graph":[{"@type":"WebSite","@id":"https:\/\/ulusalsavunma.com.tr\/#website","url":"https:\/\/ulusalsavunma.com.tr\/","name":"Ulusal Savunma","description":"","potentialAction":[{"@type":"SearchAction","target":{"@type":"EntryPoint","urlTemplate":"https:\/\/ulusalsavunma.com.tr\/?s={search_term_string}"},"query-input":"required name=search_term_string"}],"inLanguage":"en-GB"},{"@type":"ImageObject","@id":"https:\/\/ulusalsavunma.com.tr\/en\/2-askeri-radar-ve-sinir-guvenligi-zirvesi\/#primaryimage","inLanguage":"en-GB","url":"http:\/\/ulusalsavunma.com.tr\/wp-content\/uploads\/2021\/02\/II-Uluslararasi-Askeri-Radar-ve-Sinir-Guvenligi-Zirvesi-2.jpg","contentUrl":"http:\/\/ulusalsavunma.com.tr\/wp-content\/uploads\/2021\/02\/II-Uluslararasi-Askeri-Radar-ve-Sinir-Guvenligi-Zirvesi-2.jpg"},{"@type":"WebPage","@id":"https:\/\/ulusalsavunma.com.tr\/en\/2-askeri-radar-ve-sinir-guvenligi-zirvesi\/#webpage","url":"https:\/\/ulusalsavunma.com.tr\/en\/2-askeri-radar-ve-sinir-guvenligi-zirvesi\/","name":"II. Askeri Radar ve S\u0131n\u0131r G\u00fcvenli\u011fi Zirvesi | Ulusal Savunma","isPartOf":{"@id":"https:\/\/ulusalsavunma.com.tr\/#website"},"primaryImageOfPage":{"@id":"https:\/\/ulusalsavunma.com.tr\/en\/2-askeri-radar-ve-sinir-guvenligi-zirvesi\/#primaryimage"},"datePublished":"2021-01-27T09:55:32+00:00","dateModified":"2021-02-27T09:37:59+00:00","breadcrumb":{"@id":"https:\/\/ulusalsavunma.com.tr\/en\/2-askeri-radar-ve-sinir-guvenligi-zirvesi\/#breadcrumb"},"inLanguage":"en-GB","potentialAction":[{"@type":"ReadAction","target":["https:\/\/ulusalsavunma.com.tr\/en\/2-askeri-radar-ve-sinir-guvenligi-zirvesi\/"]}]},{"@type":"BreadcrumbList","@id":"https:\/\/ulusalsavunma.com.tr\/en\/2-askeri-radar-ve-sinir-guvenligi-zirvesi\/#breadcrumb","itemListElement":[{"@type":"ListItem","position":1,"name":"Ana Sayfa","item":"https:\/\/ulusalsavunma.com.tr\/"},{"@type":"ListItem","position":2,"name":"II. Askeri Radar ve S\u0131n\u0131r G\u00fcvenli\u011fi Zirvesi"}]}]}},"_links":{"self":[{"href":"https:\/\/ulusalsavunma.com.tr\/en\/wp-json\/wp\/v2\/pages\/1332"}],"collection":[{"href":"https:\/\/ulusalsavunma.com.tr\/en\/wp-json\/wp\/v2\/pages"}],"about":[{"href":"https:\/\/ulusalsavunma.com.tr\/en\/wp-json\/wp\/v2\/types\/page"}],"author":[{"embeddable":true,"href":"https:\/\/ulusalsavunma.com.tr\/en\/wp-json\/wp\/v2\/users\/1"}],"replies":[{"embeddable":true,"href":"https:\/\/ulusalsavunma.com.tr\/en\/wp-json\/wp\/v2\/comments?post=1332"}],"version-history":[{"count":50,"href":"https:\/\/ulusalsavunma.com.tr\/en\/wp-json\/wp\/v2\/pages\/1332\/revisions"}],"predecessor-version":[{"id":3326,"href":"https:\/\/ulusalsavunma.com.tr\/en\/wp-json\/wp\/v2\/pages\/1332\/revisions\/3326"}],"wp:attachment":[{"href":"https:\/\/ulusalsavunma.com.tr\/en\/wp-json\/wp\/v2\/media?parent=1332"}],"curies":[{"name":"wp","href":"https:\/\/api.w.org\/{rel}","templated":true}]}}