{"id":1868,"date":"2021-01-29T15:03:48","date_gmt":"2021-01-29T12:03:48","guid":{"rendered":"http:\/\/demo.milscint.com\/ulusalsavunma\/?page_id=1868"},"modified":"2021-07-26T12:47:54","modified_gmt":"2021-07-26T09:47:54","slug":"kullanici-odakli-cozumler","status":"publish","type":"page","link":"https:\/\/ulusalsavunma.com.tr\/en\/kullanici-odakli-cozumler\/","title":{"rendered":"User-Oriented Solutions"},"content":{"rendered":"<div data-elementor-type=\"wp-page\" data-elementor-id=\"1868\" class=\"elementor elementor-1868\">\n\t\t\t\t\t\t<div class=\"elementor-inner\">\n\t\t\t\t<div class=\"elementor-section-wrap\">\n\t\t\t\t\t\t\t\t\t<section class=\"elementor-section elementor-top-section elementor-element elementor-element-8da64b6 elementor-section-boxed elementor-section-height-default elementor-section-height-default parallax_section_no qode_elementor_container_no\" data-id=\"8da64b6\" data-element_type=\"section\">\n\t\t\t\t\t\t<div class=\"elementor-container elementor-column-gap-default\">\n\t\t\t\t\t\t\t<div class=\"elementor-row\">\n\t\t\t\t\t<div class=\"elementor-column elementor-col-100 elementor-top-column elementor-element elementor-element-3b8bb7f\" data-id=\"3b8bb7f\" data-element_type=\"column\">\n\t\t\t<div class=\"elementor-column-wrap elementor-element-populated\">\n\t\t\t\t\t\t\t<div class=\"elementor-widget-wrap\">\n\t\t\t\t\t\t<div class=\"elementor-element elementor-element-513fd3c elementor-widget elementor-widget-spacer\" data-id=\"513fd3c\" data-element_type=\"widget\" data-widget_type=\"spacer.default\">\n\t\t\t\t<div class=\"elementor-widget-container\">\n\t\t\t\t\t<div class=\"elementor-spacer\">\n\t\t\t<div class=\"elementor-spacer-inner\"><\/div>\n\t\t<\/div>\n\t\t\t\t<\/div>\n\t\t\t\t<\/div>\n\t\t\t\t\t\t<\/div>\n\t\t\t\t\t<\/div>\n\t\t<\/div>\n\t\t\t\t\t\t\t\t<\/div>\n\t\t\t\t\t<\/div>\n\t\t<\/section>\n\t\t\t\t<section class=\"elementor-section elementor-top-section elementor-element elementor-element-536f998 elementor-section-boxed elementor-section-height-default elementor-section-height-default parallax_section_no qode_elementor_container_no\" data-id=\"536f998\" data-element_type=\"section\" id=\"deneme1\">\n\t\t\t\t\t\t<div class=\"elementor-container elementor-column-gap-default\">\n\t\t\t\t\t\t\t<div class=\"elementor-row\">\n\t\t\t\t\t<div class=\"elementor-column elementor-col-100 elementor-top-column elementor-element elementor-element-c80e981\" data-id=\"c80e981\" data-element_type=\"column\">\n\t\t\t<div class=\"elementor-column-wrap\">\n\t\t\t\t\t\t\t<div class=\"elementor-widget-wrap\">\n\t\t\t\t\t\t\t\t<\/div>\n\t\t\t\t\t<\/div>\n\t\t<\/div>\n\t\t\t\t\t\t\t\t<\/div>\n\t\t\t\t\t<\/div>\n\t\t<\/section>\n\t\t\t\t<section class=\"elementor-section elementor-top-section elementor-element elementor-element-ca76e41 elementor-section-boxed elementor-section-height-default elementor-section-height-default parallax_section_no qode_elementor_container_no\" data-id=\"ca76e41\" data-element_type=\"section\">\n\t\t\t\t\t\t<div class=\"elementor-container elementor-column-gap-default\">\n\t\t\t\t\t\t\t<div class=\"elementor-row\">\n\t\t\t\t\t<div class=\"elementor-column elementor-col-100 elementor-top-column elementor-element elementor-element-c4587b7\" data-id=\"c4587b7\" data-element_type=\"column\">\n\t\t\t<div class=\"elementor-column-wrap elementor-element-populated\">\n\t\t\t\t\t\t\t<div class=\"elementor-widget-wrap\">\n\t\t\t\t\t\t<div class=\"elementor-element elementor-element-4e8283b elementor-widget elementor-widget-spacer\" data-id=\"4e8283b\" data-element_type=\"widget\" data-widget_type=\"spacer.default\">\n\t\t\t\t<div class=\"elementor-widget-container\">\n\t\t\t\t\t<div class=\"elementor-spacer\">\n\t\t\t<div class=\"elementor-spacer-inner\"><\/div>\n\t\t<\/div>\n\t\t\t\t<\/div>\n\t\t\t\t<\/div>\n\t\t\t\t\t\t<\/div>\n\t\t\t\t\t<\/div>\n\t\t<\/div>\n\t\t\t\t\t\t\t\t<\/div>\n\t\t\t\t\t<\/div>\n\t\t<\/section>\n\t\t\t\t<section style=\"background-image: url(http:\/\/ulusalsavunma.com.tr\/wp-content\/uploads\/2021\/01\/US-KOCParallax2-1920x1100px.jpg);\" class=\"parallax_section_holder elementor-section elementor-top-section elementor-element elementor-element-2c60433 parallax_section_holder elementor-section-boxed elementor-section-height-default elementor-section-height-default qode_elementor_container_no\" data-speed=\"0\" data-id=\"2c60433\" data-element_type=\"section\" data-settings=\"{&quot;qode_parallax_image&quot;:{&quot;url&quot;:&quot;http:\\\/\\\/ulusalsavunma.com.tr\\\/wp-content\\\/uploads\\\/2021\\\/01\\\/US-KOCParallax2-1920x1100px.jpg&quot;,&quot;id&quot;:1952}}\">\n\t\t\t\t\t\t<div class=\"elementor-container elementor-column-gap-default\">\n\t\t\t\t\t\t\t<div class=\"elementor-row\">\n\t\t\t\t\t<div class=\"elementor-column elementor-col-100 elementor-top-column elementor-element elementor-element-36afdcb\" data-id=\"36afdcb\" data-element_type=\"column\">\n\t\t\t<div class=\"elementor-column-wrap\">\n\t\t\t\t\t\t\t<div class=\"elementor-widget-wrap\">\n\t\t\t\t\t\t\t\t<\/div>\n\t\t\t\t\t<\/div>\n\t\t<\/div>\n\t\t\t\t\t\t\t\t<\/div>\n\t\t\t\t\t<\/div>\n\t\t<\/section>\n\t\t\t\t<section class=\"elementor-section elementor-top-section elementor-element elementor-element-33d6222 elementor-section-boxed elementor-section-height-default elementor-section-height-default parallax_section_no qode_elementor_container_no\" data-id=\"33d6222\" data-element_type=\"section\">\n\t\t\t\t\t\t<div class=\"elementor-container elementor-column-gap-default\">\n\t\t\t\t\t\t\t<div class=\"elementor-row\">\n\t\t\t\t\t<div class=\"elementor-column elementor-col-100 elementor-top-column elementor-element elementor-element-c932428\" data-id=\"c932428\" data-element_type=\"column\">\n\t\t\t<div class=\"elementor-column-wrap elementor-element-populated\">\n\t\t\t\t\t\t\t<div class=\"elementor-widget-wrap\">\n\t\t\t\t\t\t<div class=\"elementor-element elementor-element-d972d1d elementor-widget elementor-widget-spacer\" data-id=\"d972d1d\" data-element_type=\"widget\" data-widget_type=\"spacer.default\">\n\t\t\t\t<div class=\"elementor-widget-container\">\n\t\t\t\t\t<div class=\"elementor-spacer\">\n\t\t\t<div class=\"elementor-spacer-inner\"><\/div>\n\t\t<\/div>\n\t\t\t\t<\/div>\n\t\t\t\t<\/div>\n\t\t\t\t\t\t<\/div>\n\t\t\t\t\t<\/div>\n\t\t<\/div>\n\t\t\t\t\t\t\t\t<\/div>\n\t\t\t\t\t<\/div>\n\t\t<\/section>\n\t\t\t\t<section class=\"elementor-section elementor-top-section elementor-element elementor-element-6a07954 elementor-section-boxed elementor-section-height-default elementor-section-height-default parallax_section_no qode_elementor_container_no\" data-id=\"6a07954\" data-element_type=\"section\">\n\t\t\t\t\t\t<div class=\"elementor-container elementor-column-gap-default\">\n\t\t\t\t\t\t\t<div class=\"elementor-row\">\n\t\t\t\t\t<div class=\"elementor-column elementor-col-100 elementor-top-column elementor-element elementor-element-5a423fd\" data-id=\"5a423fd\" data-element_type=\"column\">\n\t\t\t<div class=\"elementor-column-wrap elementor-element-populated\">\n\t\t\t\t\t\t\t<div class=\"elementor-widget-wrap\">\n\t\t\t\t\t\t<div class=\"elementor-element elementor-element-8cceecf elementor-widget elementor-widget-heading\" data-id=\"8cceecf\" data-element_type=\"widget\" data-widget_type=\"heading.default\">\n\t\t\t\t<div class=\"elementor-widget-container\">\n\t\t\t<h4 class=\"elementor-heading-title elementor-size-default\">For Our Special Solutions For You<\/h4>\t\t<\/div>\n\t\t\t\t<\/div>\n\t\t\t\t<div class=\"elementor-element elementor-element-ef1b7ed elementor-widget elementor-widget-heading\" data-id=\"ef1b7ed\" data-element_type=\"widget\" data-widget_type=\"heading.default\">\n\t\t\t\t<div class=\"elementor-widget-container\">\n\t\t\t<h4 class=\"elementor-heading-title elementor-size-default\"><a href=\"https:\/\/ulusalsavunma.com.tr\/en\/iletisim\/\">You Can Contact Us<\/a><\/h4>\t\t<\/div>\n\t\t\t\t<\/div>\n\t\t\t\t<div class=\"elementor-element elementor-element-2ff8249 elementor-widget elementor-widget-spacer\" data-id=\"2ff8249\" data-element_type=\"widget\" data-widget_type=\"spacer.default\">\n\t\t\t\t<div class=\"elementor-widget-container\">\n\t\t\t\t\t<div class=\"elementor-spacer\">\n\t\t\t<div class=\"elementor-spacer-inner\"><\/div>\n\t\t<\/div>\n\t\t\t\t<\/div>\n\t\t\t\t<\/div>\n\t\t\t\t<div class=\"elementor-element elementor-element-8364b00 elementor-widget elementor-widget-bridge_cf_7\" data-id=\"8364b00\" data-element_type=\"widget\" data-widget_type=\"bridge_cf_7.default\">\n\t\t\t\t<div class=\"elementor-widget-container\">\n\t\t\t    <div class=\"qode-contact-form-7 qode-contact-form-7-0\">\n    <div role=\"form\" class=\"wpcf7\" id=\"wpcf7-f7-o1\" lang=\"tr-TR\" dir=\"ltr\">\n<div class=\"screen-reader-response\"><p role=\"status\" aria-live=\"polite\" aria-atomic=\"true\"><\/p> <ul><\/ul><\/div>\n<form action=\"\/en\/wp-json\/wp\/v2\/pages\/1868#wpcf7-f7-o1\" method=\"post\" class=\"wpcf7-form init cf7_custom_style_1\" novalidate=\"novalidate\" data-status=\"init\" data-trp-original-action=\"\/en\/wp-json\/wp\/v2\/pages\/1868#wpcf7-f7-o1\">\n<div style=\"display: none;\">\n<input type=\"hidden\" name=\"_wpcf7\" value=\"7\" \/>\n<input type=\"hidden\" name=\"_wpcf7_version\" value=\"5.5.6\" \/>\n<input type=\"hidden\" name=\"_wpcf7_locale\" value=\"tr_TR\" \/>\n<input type=\"hidden\" name=\"_wpcf7_unit_tag\" value=\"wpcf7-f7-o1\" \/>\n<input type=\"hidden\" name=\"_wpcf7_container_post\" value=\"0\" \/>\n<input type=\"hidden\" name=\"_wpcf7_posted_data_hash\" value=\"\" \/>\n<input type=\"hidden\" name=\"_wpcf7_recaptcha_response\" value=\"\" \/>\n<\/div>\n<p><label> Name<br \/>\n    <span class=\"wpcf7-form-control-wrap your-name\"><input type=\"text\" name=\"your-name\" value=\"\" size=\"40\" class=\"wpcf7-form-control wpcf7-text wpcf7-validates-as-required\" aria-required=\"true\" aria-invalid=\"false\" \/><\/span> <\/label><\/p>\n<p><label> Surname<br \/>\n    <span class=\"wpcf7-form-control-wrap your-surname\"><input type=\"text\" name=\"your-surname\" value=\"\" size=\"40\" class=\"wpcf7-form-control wpcf7-text wpcf7-validates-as-required\" aria-required=\"true\" aria-invalid=\"false\" \/><\/span> <\/label><\/p>\n<p><label> E-Mail Address<br \/>\n    <span class=\"wpcf7-form-control-wrap your-email\"><input type=\"email\" name=\"your-email\" value=\"\" size=\"40\" class=\"wpcf7-form-control wpcf7-text wpcf7-email wpcf7-validates-as-required wpcf7-validates-as-email\" aria-required=\"true\" aria-invalid=\"false\" \/><\/span> <\/label><\/p>\n<p><label> Subject<br \/>\n    <span class=\"wpcf7-form-control-wrap your-subject\"><input type=\"text\" name=\"your-subject\" value=\"\" size=\"40\" class=\"wpcf7-form-control wpcf7-text wpcf7-validates-as-required\" aria-required=\"true\" aria-invalid=\"false\" \/><\/span> <\/label><\/p>\n<p><label> Your Message<br \/>\n    <span class=\"wpcf7-form-control-wrap your-message\"><textarea name=\"your-message\" cols=\"40\" rows=\"10\" class=\"wpcf7-form-control wpcf7-textarea wpcf7-validates-as-required\" aria-required=\"true\" aria-invalid=\"false\"><\/textarea><\/span> <\/label><\/p>\n<p><input type=\"submit\" value=\"Send\" class=\"wpcf7-form-control has-spinner wpcf7-submit\" \/><\/p>\n<div class=\"wpcf7-response-output\" aria-hidden=\"true\"><\/div><input type=\"hidden\" name=\"trp-form-language\" value=\"en\"\/><\/form><\/div>    <\/div>\n\t\t<\/div>\n\t\t\t\t<\/div>\n\t\t\t\t\t\t<\/div>\n\t\t\t\t\t<\/div>\n\t\t<\/div>\n\t\t\t\t\t\t\t\t<\/div>\n\t\t\t\t\t<\/div>\n\t\t<\/section>\n\t\t\t\t<section class=\"elementor-section elementor-top-section elementor-element elementor-element-8ad33ce elementor-section-boxed elementor-section-height-default elementor-section-height-default parallax_section_no qode_elementor_container_no\" data-id=\"8ad33ce\" data-element_type=\"section\">\n\t\t\t\t\t\t<div class=\"elementor-container elementor-column-gap-default\">\n\t\t\t\t\t\t\t<div class=\"elementor-row\">\n\t\t\t\t\t<div class=\"elementor-column elementor-col-100 elementor-top-column elementor-element elementor-element-ac1ee3d\" data-id=\"ac1ee3d\" data-element_type=\"column\">\n\t\t\t<div class=\"elementor-column-wrap elementor-element-populated\">\n\t\t\t\t\t\t\t<div class=\"elementor-widget-wrap\">\n\t\t\t\t\t\t<div class=\"elementor-element elementor-element-de90d1f elementor-widget elementor-widget-spacer\" data-id=\"de90d1f\" data-element_type=\"widget\" data-widget_type=\"spacer.default\">\n\t\t\t\t<div class=\"elementor-widget-container\">\n\t\t\t\t\t<div class=\"elementor-spacer\">\n\t\t\t<div class=\"elementor-spacer-inner\"><\/div>\n\t\t<\/div>\n\t\t\t\t<\/div>\n\t\t\t\t<\/div>\n\t\t\t\t\t\t<\/div>\n\t\t\t\t\t<\/div>\n\t\t<\/div>\n\t\t\t\t\t\t\t\t<\/div>\n\t\t\t\t\t<\/div>\n\t\t<\/section>\n\t\t\t\t\t\t\t\t\t<\/div>\n\t\t\t<\/div>\n\t\t\t\t\t<\/div>","protected":false},"excerpt":{"rendered":"<p>Ulusal Savunma\u2019n\u0131n m\u00fc\u015fteri odakl\u0131 yakla\u015f\u0131m\u0131, \u00fcr\u00fcn geli\u015ftirme s\u00fcre\u00e7lerinde de kendisini g\u00f6steriyor. Kritik tesislerin dronlara (mini \u0130HA) kar\u015f\u0131 korunmas\u0131 amac\u0131yla geli\u015ftirdi\u011fi \u00fcr\u00fcnlerin t\u00fcm tasar\u0131m ve m\u00fchendislik s\u00fcre\u00e7lerini kendi b\u00fcnyesinde y\u00fcr\u00fct\u00fcyor. G\u00fcc\u00fcn\u00fc, RF teknolojileri konusundaki uzmanl\u0131\u011f\u0131ndan alan Ulusal Savunma, kullan\u0131c\u0131 ihtiya\u00e7lar\u0131na y\u00f6nelik \u00f6zel \u00e7\u00f6z\u00fcmler geli\u015ftirebildi\u011fi gibi sabit&#8230;<\/p>","protected":false},"author":1,"featured_media":0,"parent":0,"menu_order":0,"comment_status":"closed","ping_status":"closed","template":"full_width.php","meta":{"spay_email":""},"yoast_head":"<!-- This site is optimized with the Yoast SEO plugin v18.5.1 - https:\/\/yoast.com\/wordpress\/plugins\/seo\/ -->\n<title>Kullan\u0131c\u0131 Odakl\u0131 \u00c7\u00f6z\u00fcmler | Ulusal Savunma<\/title>\n<meta name=\"robots\" content=\"index, follow, max-snippet:-1, max-image-preview:large, max-video-preview:-1\" \/>\n<link rel=\"canonical\" href=\"https:\/\/ulusalsavunma.com.tr\/en\/kullanici-odakli-cozumler\/\" \/>\n<meta property=\"og:locale\" content=\"en_GB\" \/>\n<meta property=\"og:type\" content=\"article\" \/>\n<meta property=\"og:title\" content=\"Kullan\u0131c\u0131 Odakl\u0131 \u00c7\u00f6z\u00fcmler | Ulusal Savunma\" \/>\n<meta property=\"og:description\" content=\"Ulusal Savunma\u2019n\u0131n m\u00fc\u015fteri odakl\u0131 yakla\u015f\u0131m\u0131, \u00fcr\u00fcn geli\u015ftirme s\u00fcre\u00e7lerinde de kendisini g\u00f6steriyor. Kritik tesislerin dronlara (mini \u0130HA) kar\u015f\u0131 korunmas\u0131 amac\u0131yla geli\u015ftirdi\u011fi \u00fcr\u00fcnlerin t\u00fcm tasar\u0131m ve m\u00fchendislik s\u00fcre\u00e7lerini kendi b\u00fcnyesinde y\u00fcr\u00fct\u00fcyor. G\u00fcc\u00fcn\u00fc, RF teknolojileri konusundaki uzmanl\u0131\u011f\u0131ndan alan Ulusal Savunma, kullan\u0131c\u0131 ihtiya\u00e7lar\u0131na y\u00f6nelik \u00f6zel \u00e7\u00f6z\u00fcmler geli\u015ftirebildi\u011fi gibi sabit...\" \/>\n<meta property=\"og:url\" content=\"https:\/\/ulusalsavunma.com.tr\/en\/kullanici-odakli-cozumler\/\" \/>\n<meta property=\"og:site_name\" content=\"Ulusal Savunma\" \/>\n<meta property=\"article:modified_time\" content=\"2021-07-26T09:47:54+00:00\" \/>\n<meta name=\"twitter:card\" content=\"summary_large_image\" \/>\n<meta name=\"twitter:label1\" content=\"Estimated reading time\" \/>\n\t<meta name=\"twitter:data1\" content=\"4 minutes\" \/>\n<script type=\"application\/ld+json\" class=\"yoast-schema-graph\">{\"@context\":\"https:\/\/schema.org\",\"@graph\":[{\"@type\":\"WebSite\",\"@id\":\"https:\/\/ulusalsavunma.com.tr\/#website\",\"url\":\"https:\/\/ulusalsavunma.com.tr\/\",\"name\":\"Ulusal Savunma\",\"description\":\"\",\"potentialAction\":[{\"@type\":\"SearchAction\",\"target\":{\"@type\":\"EntryPoint\",\"urlTemplate\":\"https:\/\/ulusalsavunma.com.tr\/?s={search_term_string}\"},\"query-input\":\"required name=search_term_string\"}],\"inLanguage\":\"en-GB\"},{\"@type\":\"WebPage\",\"@id\":\"https:\/\/ulusalsavunma.com.tr\/kullanici-odakli-cozumler\/#webpage\",\"url\":\"https:\/\/ulusalsavunma.com.tr\/kullanici-odakli-cozumler\/\",\"name\":\"Kullan\u0131c\u0131 Odakl\u0131 \u00c7\u00f6z\u00fcmler | Ulusal Savunma\",\"isPartOf\":{\"@id\":\"https:\/\/ulusalsavunma.com.tr\/#website\"},\"datePublished\":\"2021-01-29T12:03:48+00:00\",\"dateModified\":\"2021-07-26T09:47:54+00:00\",\"breadcrumb\":{\"@id\":\"https:\/\/ulusalsavunma.com.tr\/kullanici-odakli-cozumler\/#breadcrumb\"},\"inLanguage\":\"en-GB\",\"potentialAction\":[{\"@type\":\"ReadAction\",\"target\":[\"https:\/\/ulusalsavunma.com.tr\/kullanici-odakli-cozumler\/\"]}]},{\"@type\":\"BreadcrumbList\",\"@id\":\"https:\/\/ulusalsavunma.com.tr\/kullanici-odakli-cozumler\/#breadcrumb\",\"itemListElement\":[{\"@type\":\"ListItem\",\"position\":1,\"name\":\"Ana Sayfa\",\"item\":\"https:\/\/ulusalsavunma.com.tr\/\"},{\"@type\":\"ListItem\",\"position\":2,\"name\":\"Kullan\u0131c\u0131 Odakl\u0131 \u00c7\u00f6z\u00fcmler\"}]}]}<\/script>\n<!-- \/ Yoast SEO plugin. -->","yoast_head_json":{"title":"Kullan\u0131c\u0131 Odakl\u0131 \u00c7\u00f6z\u00fcmler | Ulusal Savunma","robots":{"index":"index","follow":"follow","max-snippet":"max-snippet:-1","max-image-preview":"max-image-preview:large","max-video-preview":"max-video-preview:-1"},"canonical":"https:\/\/ulusalsavunma.com.tr\/en\/kullanici-odakli-cozumler\/","og_locale":"en_GB","og_type":"article","og_title":"Kullan\u0131c\u0131 Odakl\u0131 \u00c7\u00f6z\u00fcmler | Ulusal Savunma","og_description":"Ulusal Savunma\u2019n\u0131n m\u00fc\u015fteri odakl\u0131 yakla\u015f\u0131m\u0131, \u00fcr\u00fcn geli\u015ftirme s\u00fcre\u00e7lerinde de kendisini g\u00f6steriyor. Kritik tesislerin dronlara (mini \u0130HA) kar\u015f\u0131 korunmas\u0131 amac\u0131yla geli\u015ftirdi\u011fi \u00fcr\u00fcnlerin t\u00fcm tasar\u0131m ve m\u00fchendislik s\u00fcre\u00e7lerini kendi b\u00fcnyesinde y\u00fcr\u00fct\u00fcyor. G\u00fcc\u00fcn\u00fc, RF teknolojileri konusundaki uzmanl\u0131\u011f\u0131ndan alan Ulusal Savunma, kullan\u0131c\u0131 ihtiya\u00e7lar\u0131na y\u00f6nelik \u00f6zel \u00e7\u00f6z\u00fcmler geli\u015ftirebildi\u011fi gibi sabit...","og_url":"https:\/\/ulusalsavunma.com.tr\/en\/kullanici-odakli-cozumler\/","og_site_name":"Ulusal Savunma","article_modified_time":"2021-07-26T09:47:54+00:00","twitter_card":"summary_large_image","twitter_misc":{"Estimated reading time":"4 minutes"},"schema":{"@context":"https:\/\/schema.org","@graph":[{"@type":"WebSite","@id":"https:\/\/ulusalsavunma.com.tr\/#website","url":"https:\/\/ulusalsavunma.com.tr\/","name":"Ulusal Savunma","description":"","potentialAction":[{"@type":"SearchAction","target":{"@type":"EntryPoint","urlTemplate":"https:\/\/ulusalsavunma.com.tr\/?s={search_term_string}"},"query-input":"required name=search_term_string"}],"inLanguage":"en-GB"},{"@type":"WebPage","@id":"https:\/\/ulusalsavunma.com.tr\/kullanici-odakli-cozumler\/#webpage","url":"https:\/\/ulusalsavunma.com.tr\/kullanici-odakli-cozumler\/","name":"Kullan\u0131c\u0131 Odakl\u0131 \u00c7\u00f6z\u00fcmler | Ulusal Savunma","isPartOf":{"@id":"https:\/\/ulusalsavunma.com.tr\/#website"},"datePublished":"2021-01-29T12:03:48+00:00","dateModified":"2021-07-26T09:47:54+00:00","breadcrumb":{"@id":"https:\/\/ulusalsavunma.com.tr\/kullanici-odakli-cozumler\/#breadcrumb"},"inLanguage":"en-GB","potentialAction":[{"@type":"ReadAction","target":["https:\/\/ulusalsavunma.com.tr\/kullanici-odakli-cozumler\/"]}]},{"@type":"BreadcrumbList","@id":"https:\/\/ulusalsavunma.com.tr\/kullanici-odakli-cozumler\/#breadcrumb","itemListElement":[{"@type":"ListItem","position":1,"name":"Ana Sayfa","item":"https:\/\/ulusalsavunma.com.tr\/"},{"@type":"ListItem","position":2,"name":"Kullan\u0131c\u0131 Odakl\u0131 \u00c7\u00f6z\u00fcmler"}]}]}},"_links":{"self":[{"href":"https:\/\/ulusalsavunma.com.tr\/en\/wp-json\/wp\/v2\/pages\/1868"}],"collection":[{"href":"https:\/\/ulusalsavunma.com.tr\/en\/wp-json\/wp\/v2\/pages"}],"about":[{"href":"https:\/\/ulusalsavunma.com.tr\/en\/wp-json\/wp\/v2\/types\/page"}],"author":[{"embeddable":true,"href":"https:\/\/ulusalsavunma.com.tr\/en\/wp-json\/wp\/v2\/users\/1"}],"replies":[{"embeddable":true,"href":"https:\/\/ulusalsavunma.com.tr\/en\/wp-json\/wp\/v2\/comments?post=1868"}],"version-history":[{"count":95,"href":"https:\/\/ulusalsavunma.com.tr\/en\/wp-json\/wp\/v2\/pages\/1868\/revisions"}],"predecessor-version":[{"id":3401,"href":"https:\/\/ulusalsavunma.com.tr\/en\/wp-json\/wp\/v2\/pages\/1868\/revisions\/3401"}],"wp:attachment":[{"href":"https:\/\/ulusalsavunma.com.tr\/en\/wp-json\/wp\/v2\/media?parent=1868"}],"curies":[{"name":"wp","href":"https:\/\/api.w.org\/{rel}","templated":true}]}}