{"id":3087,"date":"2021-02-16T09:44:17","date_gmt":"2021-02-16T06:44:17","guid":{"rendered":"http:\/\/demo.milscint.com\/ulusalsavunma\/?page_id=3087"},"modified":"2021-02-16T11:59:16","modified_gmt":"2021-02-16T08:59:16","slug":"ege-savunma-sanayi-ve-tedarikci-zirvesi","status":"publish","type":"page","link":"https:\/\/ulusalsavunma.com.tr\/en\/ege-savunma-sanayi-ve-tedarikci-zirvesi\/","title":{"rendered":"Aegean Defence Industry &amp; Supplier Summit"},"content":{"rendered":"<div data-elementor-type=\"wp-page\" data-elementor-id=\"3087\" class=\"elementor elementor-3087\">\n\t\t\t\t\t\t<div class=\"elementor-inner\">\n\t\t\t\t<div class=\"elementor-section-wrap\">\n\t\t\t\t\t\t\t\t\t<section class=\"elementor-section elementor-top-section elementor-element elementor-element-22715ed elementor-section-boxed elementor-section-height-default elementor-section-height-default parallax_section_no qode_elementor_container_no\" data-id=\"22715ed\" data-element_type=\"section\">\n\t\t\t\t\t\t<div class=\"elementor-container elementor-column-gap-default\">\n\t\t\t\t\t\t\t<div class=\"elementor-row\">\n\t\t\t\t\t<div class=\"elementor-column elementor-col-100 elementor-top-column elementor-element elementor-element-3aef439\" data-id=\"3aef439\" data-element_type=\"column\">\n\t\t\t<div class=\"elementor-column-wrap elementor-element-populated\">\n\t\t\t\t\t\t\t<div class=\"elementor-widget-wrap\">\n\t\t\t\t\t\t<div class=\"elementor-element elementor-element-44d43ab elementor-widget elementor-widget-spacer\" data-id=\"44d43ab\" data-element_type=\"widget\" data-widget_type=\"spacer.default\">\n\t\t\t\t<div class=\"elementor-widget-container\">\n\t\t\t\t\t<div class=\"elementor-spacer\">\n\t\t\t<div class=\"elementor-spacer-inner\"><\/div>\n\t\t<\/div>\n\t\t\t\t<\/div>\n\t\t\t\t<\/div>\n\t\t\t\t\t\t<\/div>\n\t\t\t\t\t<\/div>\n\t\t<\/div>\n\t\t\t\t\t\t\t\t<\/div>\n\t\t\t\t\t<\/div>\n\t\t<\/section>\n\t\t\t\t<section class=\"elementor-section elementor-top-section elementor-element elementor-element-b77a9b9 elementor-section-boxed elementor-section-height-default elementor-section-height-default parallax_section_no qode_elementor_container_no\" data-id=\"b77a9b9\" data-element_type=\"section\">\n\t\t\t\t\t\t<div class=\"elementor-container elementor-column-gap-default\">\n\t\t\t\t\t\t\t<div class=\"elementor-row\">\n\t\t\t\t\t<div class=\"elementor-column elementor-col-50 elementor-top-column elementor-element elementor-element-af74e46\" data-id=\"af74e46\" data-element_type=\"column\">\n\t\t\t<div class=\"elementor-column-wrap elementor-element-populated\">\n\t\t\t\t\t\t\t<div class=\"elementor-widget-wrap\">\n\t\t\t\t\t\t<div class=\"elementor-element elementor-element-5f40ca3 elementor-widget elementor-widget-image\" data-id=\"5f40ca3\" data-element_type=\"widget\" data-widget_type=\"image.default\">\n\t\t\t\t<div class=\"elementor-widget-container\">\n\t\t\t\t\t\t\t\t<div class=\"elementor-image\">\n\t\t\t\t\t\t\t\t\t\t\t\t<img width=\"770\" height=\"470\" src=\"https:\/\/ulusalsavunma.com.tr\/wp-content\/uploads\/2021\/02\/ege-savunma-sanayi-zirvesi-1.jpg\" class=\"attachment-full size-full\" alt=\"\" loading=\"lazy\" srcset=\"https:\/\/ulusalsavunma.com.tr\/wp-content\/uploads\/2021\/02\/ege-savunma-sanayi-zirvesi-1.jpg 770w, https:\/\/ulusalsavunma.com.tr\/wp-content\/uploads\/2021\/02\/ege-savunma-sanayi-zirvesi-1-300x183.jpg 300w, https:\/\/ulusalsavunma.com.tr\/wp-content\/uploads\/2021\/02\/ege-savunma-sanayi-zirvesi-1-768x469.jpg 768w, https:\/\/ulusalsavunma.com.tr\/wp-content\/uploads\/2021\/02\/ege-savunma-sanayi-zirvesi-1-16x10.jpg 16w, https:\/\/ulusalsavunma.com.tr\/wp-content\/uploads\/2021\/02\/ege-savunma-sanayi-zirvesi-1-700x427.jpg 700w\" sizes=\"(max-width: 770px) 100vw, 770px\" \/>\t\t\t\t\t\t\t\t\t\t\t\t\t\t<\/div>\n\t\t\t\t\t\t<\/div>\n\t\t\t\t<\/div>\n\t\t\t\t<div class=\"elementor-element elementor-element-d6d4d54 elementor-widget elementor-widget-bridge_icon_text\" data-id=\"d6d4d54\" data-element_type=\"widget\" data-widget_type=\"bridge_icon_text.default\">\n\t\t\t\t<div class=\"elementor-widget-container\">\n\t\t\t<div class='q_icon_with_title tiny normal_icon'><div class=\"icon_holder q_icon_animation\" style=\" \"><span data-icon-type=\"normal\"   style=\"\" class=\"qode_iwt_icon_holder q_font_awsome_icon fa-lg\"><i class=\"qode_icon_font_awesome fa fa-clock-o qode_iwt_icon_element\" style=\"\" ><\/i><\/span><\/div><div class=\"icon_text_holder\" style=\"padding-left:25px;\"><div class=\"icon_text_inner\" style=\"\"><h5 class=\"icon_title\" style=\"\"><\/h5><p style=''>14 June 2019<\/p><\/div><\/div><\/div>\t\t<\/div>\n\t\t\t\t<\/div>\n\t\t\t\t<div class=\"elementor-element elementor-element-ed8a389 elementor-widget elementor-widget-heading\" data-id=\"ed8a389\" data-element_type=\"widget\" data-widget_type=\"heading.default\">\n\t\t\t\t<div class=\"elementor-widget-container\">\n\t\t\t<h2 class=\"elementor-heading-title elementor-size-default\">Ulusal Savunma Participates in the Aegean Defence Industry &amp; Supplier Summit<\/h2>\t\t<\/div>\n\t\t\t\t<\/div>\n\t\t\t\t<div class=\"elementor-element elementor-element-3e65dda elementor-widget elementor-widget-text-editor\" data-id=\"3e65dda\" data-element_type=\"widget\" data-widget_type=\"text-editor.default\">\n\t\t\t\t<div class=\"elementor-widget-container\">\n\t\t\t\t\t\t\t\t<div class=\"elementor-text-editor elementor-clearfix\">\n\t\t\t\t<p>Ulusal Savunma introduced its 360-Degree Anti-Drone product lineup at the Aegean Defence Industry &amp; Supplier Summit, held in \u0130zmir on 3\u201314 June, 2019, where the company put KALKA and \u0130HAMAX under the spotlight.<\/p>\t\t\t\t\t<\/div>\n\t\t\t\t\t\t<\/div>\n\t\t\t\t<\/div>\n\t\t\t\t\t\t<\/div>\n\t\t\t\t\t<\/div>\n\t\t<\/div>\n\t\t\t\t<div class=\"elementor-column elementor-col-50 elementor-top-column elementor-element elementor-element-05cdfbd\" data-id=\"05cdfbd\" data-element_type=\"column\">\n\t\t\t<div class=\"elementor-column-wrap elementor-element-populated\">\n\t\t\t\t\t\t\t<div class=\"elementor-widget-wrap\">\n\t\t\t\t\t\t<section class=\"elementor-section elementor-inner-section elementor-element elementor-element-c171f4e elementor-hidden-tablet elementor-hidden-phone elementor-section-boxed elementor-section-height-default elementor-section-height-default parallax_section_no qode_elementor_container_no\" data-id=\"c171f4e\" data-element_type=\"section\">\n\t\t\t\t\t\t<div class=\"elementor-container elementor-column-gap-default\">\n\t\t\t\t\t\t\t<div class=\"elementor-row\">\n\t\t\t\t\t<div class=\"elementor-column elementor-col-50 elementor-inner-column elementor-element elementor-element-095423f\" data-id=\"095423f\" data-element_type=\"column\">\n\t\t\t<div class=\"elementor-column-wrap elementor-element-populated\">\n\t\t\t\t\t\t\t<div class=\"elementor-widget-wrap\">\n\t\t\t\t\t\t<div class=\"elementor-element elementor-element-499c850 elementor-widget elementor-widget-image\" data-id=\"499c850\" data-element_type=\"widget\" data-widget_type=\"image.default\">\n\t\t\t\t<div class=\"elementor-widget-container\">\n\t\t\t\t\t\t\t\t<div class=\"elementor-image\">\n\t\t\t\t\t\t\t\t\t\t\t\t\t<a href=\"https:\/\/ulusalsavunma.com.tr\/en\/sedec-2018\/\">\n\t\t\t\t\t\t\t<img width=\"770\" height=\"470\" src=\"https:\/\/ulusalsavunma.com.tr\/wp-content\/uploads\/2021\/02\/SEDEC-2018-1.jpg\" class=\"attachment-full size-full\" alt=\"\" loading=\"lazy\" srcset=\"https:\/\/ulusalsavunma.com.tr\/wp-content\/uploads\/2021\/02\/SEDEC-2018-1.jpg 770w, https:\/\/ulusalsavunma.com.tr\/wp-content\/uploads\/2021\/02\/SEDEC-2018-1-300x183.jpg 300w, https:\/\/ulusalsavunma.com.tr\/wp-content\/uploads\/2021\/02\/SEDEC-2018-1-768x469.jpg 768w, https:\/\/ulusalsavunma.com.tr\/wp-content\/uploads\/2021\/02\/SEDEC-2018-1-16x10.jpg 16w, https:\/\/ulusalsavunma.com.tr\/wp-content\/uploads\/2021\/02\/SEDEC-2018-1-700x427.jpg 700w\" sizes=\"(max-width: 770px) 100vw, 770px\" \/>\t\t\t\t\t\t\t\t<\/a>\n\t\t\t\t\t\t\t\t\t\t\t\t\t\t<\/div>\n\t\t\t\t\t\t<\/div>\n\t\t\t\t<\/div>\n\t\t\t\t\t\t<\/div>\n\t\t\t\t\t<\/div>\n\t\t<\/div>\n\t\t\t\t<div class=\"elementor-column elementor-col-50 elementor-inner-column elementor-element elementor-element-a4a9afc\" data-id=\"a4a9afc\" data-element_type=\"column\">\n\t\t\t<div class=\"elementor-column-wrap elementor-element-populated\">\n\t\t\t\t\t\t\t<div class=\"elementor-widget-wrap\">\n\t\t\t\t\t\t<div class=\"elementor-element elementor-element-13aa2be elementor-widget elementor-widget-heading\" data-id=\"13aa2be\" data-element_type=\"widget\" data-widget_type=\"heading.default\">\n\t\t\t\t<div class=\"elementor-widget-container\">\n\t\t\t<p class=\"elementor-heading-title elementor-size-default\"><a href=\"https:\/\/ulusalsavunma.com.tr\/en\/sedec-2018\/\">SEDEC 2018<\/a><\/p>\t\t<\/div>\n\t\t\t\t<\/div>\n\t\t\t\t\t\t<\/div>\n\t\t\t\t\t<\/div>\n\t\t<\/div>\n\t\t\t\t\t\t\t\t<\/div>\n\t\t\t\t\t<\/div>\n\t\t<\/section>\n\t\t\t\t<section class=\"elementor-section elementor-inner-section elementor-element elementor-element-47ad0f8 elementor-hidden-tablet elementor-hidden-phone elementor-section-boxed elementor-section-height-default elementor-section-height-default parallax_section_no qode_elementor_container_no\" data-id=\"47ad0f8\" data-element_type=\"section\">\n\t\t\t\t\t\t<div class=\"elementor-container elementor-column-gap-default\">\n\t\t\t\t\t\t\t<div class=\"elementor-row\">\n\t\t\t\t\t<div class=\"elementor-column elementor-col-50 elementor-inner-column elementor-element elementor-element-f5ee94f\" data-id=\"f5ee94f\" data-element_type=\"column\">\n\t\t\t<div class=\"elementor-column-wrap elementor-element-populated\">\n\t\t\t\t\t\t\t<div class=\"elementor-widget-wrap\">\n\t\t\t\t\t\t<div class=\"elementor-element elementor-element-5fff29d elementor-widget elementor-widget-image\" data-id=\"5fff29d\" data-element_type=\"widget\" data-widget_type=\"image.default\">\n\t\t\t\t<div class=\"elementor-widget-container\">\n\t\t\t\t\t\t\t\t<div class=\"elementor-image\">\n\t\t\t\t\t\t\t\t\t\t\t\t\t<a href=\"https:\/\/ulusalsavunma.com.tr\/en\/2-askeri-radar-ve-sinir-guvenligi-zirvesi\/\">\n\t\t\t\t\t\t\t<img width=\"770\" height=\"470\" src=\"https:\/\/ulusalsavunma.com.tr\/wp-content\/uploads\/2021\/02\/II-Uluslararasi-Askeri-Radar-ve-Sinir-Guvenligi-Zirvesi-2.jpg\" class=\"attachment-full size-full\" alt=\"\" loading=\"lazy\" srcset=\"https:\/\/ulusalsavunma.com.tr\/wp-content\/uploads\/2021\/02\/II-Uluslararasi-Askeri-Radar-ve-Sinir-Guvenligi-Zirvesi-2.jpg 770w, https:\/\/ulusalsavunma.com.tr\/wp-content\/uploads\/2021\/02\/II-Uluslararasi-Askeri-Radar-ve-Sinir-Guvenligi-Zirvesi-2-300x183.jpg 300w, https:\/\/ulusalsavunma.com.tr\/wp-content\/uploads\/2021\/02\/II-Uluslararasi-Askeri-Radar-ve-Sinir-Guvenligi-Zirvesi-2-768x469.jpg 768w, https:\/\/ulusalsavunma.com.tr\/wp-content\/uploads\/2021\/02\/II-Uluslararasi-Askeri-Radar-ve-Sinir-Guvenligi-Zirvesi-2-16x10.jpg 16w, https:\/\/ulusalsavunma.com.tr\/wp-content\/uploads\/2021\/02\/II-Uluslararasi-Askeri-Radar-ve-Sinir-Guvenligi-Zirvesi-2-700x427.jpg 700w\" sizes=\"(max-width: 770px) 100vw, 770px\" \/>\t\t\t\t\t\t\t\t<\/a>\n\t\t\t\t\t\t\t\t\t\t\t\t\t\t<\/div>\n\t\t\t\t\t\t<\/div>\n\t\t\t\t<\/div>\n\t\t\t\t\t\t<\/div>\n\t\t\t\t\t<\/div>\n\t\t<\/div>\n\t\t\t\t<div class=\"elementor-column elementor-col-50 elementor-inner-column elementor-element elementor-element-592769e\" data-id=\"592769e\" data-element_type=\"column\">\n\t\t\t<div class=\"elementor-column-wrap elementor-element-populated\">\n\t\t\t\t\t\t\t<div class=\"elementor-widget-wrap\">\n\t\t\t\t\t\t<div class=\"elementor-element elementor-element-e34255c elementor-widget elementor-widget-heading\" data-id=\"e34255c\" data-element_type=\"widget\" data-widget_type=\"heading.default\">\n\t\t\t\t<div class=\"elementor-widget-container\">\n\t\t\t<p class=\"elementor-heading-title elementor-size-default\"><a href=\"https:\/\/ulusalsavunma.com.tr\/en\/2-askeri-radar-ve-sinir-guvenligi-zirvesi\/\">II. International Military Radar and Border Security Summit<\/a><\/p>\t\t<\/div>\n\t\t\t\t<\/div>\n\t\t\t\t\t\t<\/div>\n\t\t\t\t\t<\/div>\n\t\t<\/div>\n\t\t\t\t\t\t\t\t<\/div>\n\t\t\t\t\t<\/div>\n\t\t<\/section>\n\t\t\t\t<section class=\"elementor-section elementor-inner-section elementor-element elementor-element-3f25350 elementor-hidden-tablet elementor-hidden-phone elementor-section-boxed elementor-section-height-default elementor-section-height-default parallax_section_no qode_elementor_container_no\" data-id=\"3f25350\" data-element_type=\"section\">\n\t\t\t\t\t\t<div class=\"elementor-container elementor-column-gap-default\">\n\t\t\t\t\t\t\t<div class=\"elementor-row\">\n\t\t\t\t\t<div class=\"elementor-column elementor-col-50 elementor-inner-column elementor-element elementor-element-1d9c158\" data-id=\"1d9c158\" data-element_type=\"column\">\n\t\t\t<div class=\"elementor-column-wrap elementor-element-populated\">\n\t\t\t\t\t\t\t<div class=\"elementor-widget-wrap\">\n\t\t\t\t\t\t<div class=\"elementor-element elementor-element-6b36089 elementor-widget elementor-widget-image\" data-id=\"6b36089\" data-element_type=\"widget\" data-widget_type=\"image.default\">\n\t\t\t\t<div class=\"elementor-widget-container\">\n\t\t\t\t\t\t\t\t<div class=\"elementor-image\">\n\t\t\t\t\t\t\t\t\t\t\t\t\t<a href=\"https:\/\/ulusalsavunma.com.tr\/en\/uluslararasi-askeri-radar-ve-sinir-guvenligi-zirvesi\/\">\n\t\t\t\t\t\t\t<img width=\"770\" height=\"470\" src=\"https:\/\/ulusalsavunma.com.tr\/wp-content\/uploads\/2021\/02\/II-Uluslararasi-Askeri-Radar-ve-Sinir-Guvenligi-Zirvesi.jpg\" class=\"attachment-full size-full\" alt=\"\" loading=\"lazy\" srcset=\"https:\/\/ulusalsavunma.com.tr\/wp-content\/uploads\/2021\/02\/II-Uluslararasi-Askeri-Radar-ve-Sinir-Guvenligi-Zirvesi.jpg 770w, https:\/\/ulusalsavunma.com.tr\/wp-content\/uploads\/2021\/02\/II-Uluslararasi-Askeri-Radar-ve-Sinir-Guvenligi-Zirvesi-300x183.jpg 300w, https:\/\/ulusalsavunma.com.tr\/wp-content\/uploads\/2021\/02\/II-Uluslararasi-Askeri-Radar-ve-Sinir-Guvenligi-Zirvesi-768x469.jpg 768w, https:\/\/ulusalsavunma.com.tr\/wp-content\/uploads\/2021\/02\/II-Uluslararasi-Askeri-Radar-ve-Sinir-Guvenligi-Zirvesi-16x10.jpg 16w, https:\/\/ulusalsavunma.com.tr\/wp-content\/uploads\/2021\/02\/II-Uluslararasi-Askeri-Radar-ve-Sinir-Guvenligi-Zirvesi-700x427.jpg 700w\" sizes=\"(max-width: 770px) 100vw, 770px\" \/>\t\t\t\t\t\t\t\t<\/a>\n\t\t\t\t\t\t\t\t\t\t\t\t\t\t<\/div>\n\t\t\t\t\t\t<\/div>\n\t\t\t\t<\/div>\n\t\t\t\t\t\t<\/div>\n\t\t\t\t\t<\/div>\n\t\t<\/div>\n\t\t\t\t<div class=\"elementor-column elementor-col-50 elementor-inner-column elementor-element elementor-element-291052b\" data-id=\"291052b\" data-element_type=\"column\">\n\t\t\t<div class=\"elementor-column-wrap elementor-element-populated\">\n\t\t\t\t\t\t\t<div class=\"elementor-widget-wrap\">\n\t\t\t\t\t\t<div class=\"elementor-element elementor-element-81d0b18 elementor-widget elementor-widget-heading\" data-id=\"81d0b18\" data-element_type=\"widget\" data-widget_type=\"heading.default\">\n\t\t\t\t<div class=\"elementor-widget-container\">\n\t\t\t<p class=\"elementor-heading-title elementor-size-default\"><a href=\"https:\/\/ulusalsavunma.com.tr\/en\/uluslararasi-askeri-radar-ve-sinir-guvenligi-zirvesi\/\">International Military Radar and Border Security Summit<\/a><\/p>\t\t<\/div>\n\t\t\t\t<\/div>\n\t\t\t\t\t\t<\/div>\n\t\t\t\t\t<\/div>\n\t\t<\/div>\n\t\t\t\t\t\t\t\t<\/div>\n\t\t\t\t\t<\/div>\n\t\t<\/section>\n\t\t\t\t\t\t<\/div>\n\t\t\t\t\t<\/div>\n\t\t<\/div>\n\t\t\t\t\t\t\t\t<\/div>\n\t\t\t\t\t<\/div>\n\t\t<\/section>\n\t\t\t\t<section class=\"elementor-section elementor-top-section elementor-element elementor-element-5177229 elementor-section-boxed elementor-section-height-default elementor-section-height-default parallax_section_no qode_elementor_container_no\" data-id=\"5177229\" data-element_type=\"section\">\n\t\t\t\t\t\t<div class=\"elementor-container elementor-column-gap-default\">\n\t\t\t\t\t\t\t<div class=\"elementor-row\">\n\t\t\t\t\t<div class=\"elementor-column elementor-col-100 elementor-top-column elementor-element elementor-element-5a9b8b9\" data-id=\"5a9b8b9\" data-element_type=\"column\">\n\t\t\t<div class=\"elementor-column-wrap elementor-element-populated\">\n\t\t\t\t\t\t\t<div class=\"elementor-widget-wrap\">\n\t\t\t\t\t\t<div class=\"elementor-element elementor-element-841c951 elementor-widget elementor-widget-spacer\" data-id=\"841c951\" data-element_type=\"widget\" data-widget_type=\"spacer.default\">\n\t\t\t\t<div class=\"elementor-widget-container\">\n\t\t\t\t\t<div class=\"elementor-spacer\">\n\t\t\t<div class=\"elementor-spacer-inner\"><\/div>\n\t\t<\/div>\n\t\t\t\t<\/div>\n\t\t\t\t<\/div>\n\t\t\t\t\t\t<\/div>\n\t\t\t\t\t<\/div>\n\t\t<\/div>\n\t\t\t\t\t\t\t\t<\/div>\n\t\t\t\t\t<\/div>\n\t\t<\/section>\n\t\t\t\t\t\t\t\t\t<\/div>\n\t\t\t<\/div>\n\t\t\t\t\t<\/div>","protected":false},"excerpt":{"rendered":"<p>14 Haziran 2019 Ulusal Savunma, Ege Savunma Sanayi &#038; Tedarik\u00e7i Zirvesi\u2019ne Kat\u0131l\u0131m Sa\u011flad\u0131 Ege Savunma Sanayi &amp; Tedarik\u00e7i Zirvesi\u2019ne kat\u0131lan Ulusal Savunma, 360 Derece Dron Savar \u00fcr\u00fcn ailesini tan\u0131tt\u0131. Firma, 3-14 Haziran 2019 tarihlerinde \u0130zmir\u2019de ger\u00e7ekle\u015ftirilen etkinlikte, KALKA ve \u0130HAMAX\u2019\u0131 \u00f6ne \u00e7\u0131kard\u0131. SEDEC 2018 II&#8230;.<\/p>","protected":false},"author":1,"featured_media":0,"parent":0,"menu_order":0,"comment_status":"closed","ping_status":"closed","template":"","meta":{"spay_email":""},"yoast_head":"<!-- This site is optimized with the Yoast SEO plugin v18.5.1 - https:\/\/yoast.com\/wordpress\/plugins\/seo\/ -->\n<title>Ege Savunma Sanayi &amp; Tedarik\u00e7i Zirvesi | Ulusal Savunma<\/title>\n<meta name=\"robots\" content=\"index, follow, max-snippet:-1, max-image-preview:large, max-video-preview:-1\" \/>\n<link rel=\"canonical\" href=\"https:\/\/ulusalsavunma.com.tr\/en\/ege-savunma-sanayi-ve-tedarikci-zirvesi\/\" \/>\n<meta property=\"og:locale\" content=\"en_GB\" \/>\n<meta property=\"og:type\" content=\"article\" \/>\n<meta property=\"og:title\" content=\"Ege Savunma Sanayi &amp; Tedarik\u00e7i Zirvesi | Ulusal Savunma\" \/>\n<meta property=\"og:description\" content=\"14 Haziran 2019 Ulusal Savunma, Ege Savunma Sanayi &#038; Tedarik\u00e7i Zirvesi\u2019ne Kat\u0131l\u0131m Sa\u011flad\u0131 Ege Savunma Sanayi &amp; Tedarik\u00e7i Zirvesi\u2019ne kat\u0131lan Ulusal Savunma, 360 Derece Dron Savar \u00fcr\u00fcn ailesini tan\u0131tt\u0131. Firma, 3-14 Haziran 2019 tarihlerinde \u0130zmir\u2019de ger\u00e7ekle\u015ftirilen etkinlikte, KALKA ve \u0130HAMAX\u2019\u0131 \u00f6ne \u00e7\u0131kard\u0131. SEDEC 2018 II....\" \/>\n<meta property=\"og:url\" content=\"https:\/\/ulusalsavunma.com.tr\/en\/ege-savunma-sanayi-ve-tedarikci-zirvesi\/\" \/>\n<meta property=\"og:site_name\" content=\"Ulusal Savunma\" \/>\n<meta property=\"article:modified_time\" content=\"2021-02-16T08:59:16+00:00\" \/>\n<meta property=\"og:image\" content=\"http:\/\/ulusalsavunma.com.tr\/wp-content\/uploads\/2021\/02\/ege-savunma-sanayi-zirvesi-1.jpg\" \/>\n<meta name=\"twitter:card\" content=\"summary_large_image\" \/>\n<meta name=\"twitter:label1\" content=\"Estimated reading time\" \/>\n\t<meta name=\"twitter:data1\" content=\"2 minutes\" \/>\n<script type=\"application\/ld+json\" class=\"yoast-schema-graph\">{\"@context\":\"https:\/\/schema.org\",\"@graph\":[{\"@type\":\"WebSite\",\"@id\":\"https:\/\/ulusalsavunma.com.tr\/#website\",\"url\":\"https:\/\/ulusalsavunma.com.tr\/\",\"name\":\"Ulusal Savunma\",\"description\":\"\",\"potentialAction\":[{\"@type\":\"SearchAction\",\"target\":{\"@type\":\"EntryPoint\",\"urlTemplate\":\"https:\/\/ulusalsavunma.com.tr\/?s={search_term_string}\"},\"query-input\":\"required name=search_term_string\"}],\"inLanguage\":\"en-GB\"},{\"@type\":\"ImageObject\",\"@id\":\"https:\/\/ulusalsavunma.com.tr\/ege-savunma-sanayi-ve-tedarikci-zirvesi\/#primaryimage\",\"inLanguage\":\"en-GB\",\"url\":\"http:\/\/ulusalsavunma.com.tr\/wp-content\/uploads\/2021\/02\/ege-savunma-sanayi-zirvesi-1.jpg\",\"contentUrl\":\"http:\/\/ulusalsavunma.com.tr\/wp-content\/uploads\/2021\/02\/ege-savunma-sanayi-zirvesi-1.jpg\"},{\"@type\":\"WebPage\",\"@id\":\"https:\/\/ulusalsavunma.com.tr\/ege-savunma-sanayi-ve-tedarikci-zirvesi\/#webpage\",\"url\":\"https:\/\/ulusalsavunma.com.tr\/ege-savunma-sanayi-ve-tedarikci-zirvesi\/\",\"name\":\"Ege Savunma Sanayi & Tedarik\u00e7i Zirvesi | Ulusal Savunma\",\"isPartOf\":{\"@id\":\"https:\/\/ulusalsavunma.com.tr\/#website\"},\"primaryImageOfPage\":{\"@id\":\"https:\/\/ulusalsavunma.com.tr\/ege-savunma-sanayi-ve-tedarikci-zirvesi\/#primaryimage\"},\"datePublished\":\"2021-02-16T06:44:17+00:00\",\"dateModified\":\"2021-02-16T08:59:16+00:00\",\"breadcrumb\":{\"@id\":\"https:\/\/ulusalsavunma.com.tr\/ege-savunma-sanayi-ve-tedarikci-zirvesi\/#breadcrumb\"},\"inLanguage\":\"en-GB\",\"potentialAction\":[{\"@type\":\"ReadAction\",\"target\":[\"https:\/\/ulusalsavunma.com.tr\/ege-savunma-sanayi-ve-tedarikci-zirvesi\/\"]}]},{\"@type\":\"BreadcrumbList\",\"@id\":\"https:\/\/ulusalsavunma.com.tr\/ege-savunma-sanayi-ve-tedarikci-zirvesi\/#breadcrumb\",\"itemListElement\":[{\"@type\":\"ListItem\",\"position\":1,\"name\":\"Ana Sayfa\",\"item\":\"https:\/\/ulusalsavunma.com.tr\/\"},{\"@type\":\"ListItem\",\"position\":2,\"name\":\"Ege Savunma Sanayi &#038; Tedarik\u00e7i Zirvesi\"}]}]}<\/script>\n<!-- \/ Yoast SEO plugin. -->","yoast_head_json":{"title":"Ege Savunma Sanayi & Tedarik\u00e7i Zirvesi | Ulusal Savunma","robots":{"index":"index","follow":"follow","max-snippet":"max-snippet:-1","max-image-preview":"max-image-preview:large","max-video-preview":"max-video-preview:-1"},"canonical":"https:\/\/ulusalsavunma.com.tr\/en\/ege-savunma-sanayi-ve-tedarikci-zirvesi\/","og_locale":"en_GB","og_type":"article","og_title":"Ege Savunma Sanayi & Tedarik\u00e7i Zirvesi | Ulusal Savunma","og_description":"14 Haziran 2019 Ulusal Savunma, Ege Savunma Sanayi &#038; Tedarik\u00e7i Zirvesi\u2019ne Kat\u0131l\u0131m Sa\u011flad\u0131 Ege Savunma Sanayi &amp; Tedarik\u00e7i Zirvesi\u2019ne kat\u0131lan Ulusal Savunma, 360 Derece Dron Savar \u00fcr\u00fcn ailesini tan\u0131tt\u0131. Firma, 3-14 Haziran 2019 tarihlerinde \u0130zmir\u2019de ger\u00e7ekle\u015ftirilen etkinlikte, KALKA ve \u0130HAMAX\u2019\u0131 \u00f6ne \u00e7\u0131kard\u0131. SEDEC 2018 II....","og_url":"https:\/\/ulusalsavunma.com.tr\/en\/ege-savunma-sanayi-ve-tedarikci-zirvesi\/","og_site_name":"Ulusal Savunma","article_modified_time":"2021-02-16T08:59:16+00:00","og_image":[{"url":"http:\/\/ulusalsavunma.com.tr\/wp-content\/uploads\/2021\/02\/ege-savunma-sanayi-zirvesi-1.jpg"}],"twitter_card":"summary_large_image","twitter_misc":{"Estimated reading time":"2 minutes"},"schema":{"@context":"https:\/\/schema.org","@graph":[{"@type":"WebSite","@id":"https:\/\/ulusalsavunma.com.tr\/#website","url":"https:\/\/ulusalsavunma.com.tr\/","name":"Ulusal Savunma","description":"","potentialAction":[{"@type":"SearchAction","target":{"@type":"EntryPoint","urlTemplate":"https:\/\/ulusalsavunma.com.tr\/?s={search_term_string}"},"query-input":"required name=search_term_string"}],"inLanguage":"en-GB"},{"@type":"ImageObject","@id":"https:\/\/ulusalsavunma.com.tr\/ege-savunma-sanayi-ve-tedarikci-zirvesi\/#primaryimage","inLanguage":"en-GB","url":"http:\/\/ulusalsavunma.com.tr\/wp-content\/uploads\/2021\/02\/ege-savunma-sanayi-zirvesi-1.jpg","contentUrl":"http:\/\/ulusalsavunma.com.tr\/wp-content\/uploads\/2021\/02\/ege-savunma-sanayi-zirvesi-1.jpg"},{"@type":"WebPage","@id":"https:\/\/ulusalsavunma.com.tr\/ege-savunma-sanayi-ve-tedarikci-zirvesi\/#webpage","url":"https:\/\/ulusalsavunma.com.tr\/ege-savunma-sanayi-ve-tedarikci-zirvesi\/","name":"Ege Savunma Sanayi & Tedarik\u00e7i Zirvesi | Ulusal Savunma","isPartOf":{"@id":"https:\/\/ulusalsavunma.com.tr\/#website"},"primaryImageOfPage":{"@id":"https:\/\/ulusalsavunma.com.tr\/ege-savunma-sanayi-ve-tedarikci-zirvesi\/#primaryimage"},"datePublished":"2021-02-16T06:44:17+00:00","dateModified":"2021-02-16T08:59:16+00:00","breadcrumb":{"@id":"https:\/\/ulusalsavunma.com.tr\/ege-savunma-sanayi-ve-tedarikci-zirvesi\/#breadcrumb"},"inLanguage":"en-GB","potentialAction":[{"@type":"ReadAction","target":["https:\/\/ulusalsavunma.com.tr\/ege-savunma-sanayi-ve-tedarikci-zirvesi\/"]}]},{"@type":"BreadcrumbList","@id":"https:\/\/ulusalsavunma.com.tr\/ege-savunma-sanayi-ve-tedarikci-zirvesi\/#breadcrumb","itemListElement":[{"@type":"ListItem","position":1,"name":"Ana Sayfa","item":"https:\/\/ulusalsavunma.com.tr\/"},{"@type":"ListItem","position":2,"name":"Ege Savunma Sanayi &#038; Tedarik\u00e7i Zirvesi"}]}]}},"_links":{"self":[{"href":"https:\/\/ulusalsavunma.com.tr\/en\/wp-json\/wp\/v2\/pages\/3087"}],"collection":[{"href":"https:\/\/ulusalsavunma.com.tr\/en\/wp-json\/wp\/v2\/pages"}],"about":[{"href":"https:\/\/ulusalsavunma.com.tr\/en\/wp-json\/wp\/v2\/types\/page"}],"author":[{"embeddable":true,"href":"https:\/\/ulusalsavunma.com.tr\/en\/wp-json\/wp\/v2\/users\/1"}],"replies":[{"embeddable":true,"href":"https:\/\/ulusalsavunma.com.tr\/en\/wp-json\/wp\/v2\/comments?post=3087"}],"version-history":[{"count":25,"href":"https:\/\/ulusalsavunma.com.tr\/en\/wp-json\/wp\/v2\/pages\/3087\/revisions"}],"predecessor-version":[{"id":3239,"href":"https:\/\/ulusalsavunma.com.tr\/en\/wp-json\/wp\/v2\/pages\/3087\/revisions\/3239"}],"wp:attachment":[{"href":"https:\/\/ulusalsavunma.com.tr\/en\/wp-json\/wp\/v2\/media?parent=3087"}],"curies":[{"name":"wp","href":"https:\/\/api.w.org\/{rel}","templated":true}]}}