{"id":3097,"date":"2021-02-16T09:52:21","date_gmt":"2021-02-16T06:52:21","guid":{"rendered":"http:\/\/demo.milscint.com\/ulusalsavunma\/?page_id=3097"},"modified":"2021-02-27T12:43:41","modified_gmt":"2021-02-27T09:43:41","slug":"uluslararasi-askeri-radar-ve-sinir-guvenligi-zirvesi","status":"publish","type":"page","link":"https:\/\/ulusalsavunma.com.tr\/en\/uluslararasi-askeri-radar-ve-sinir-guvenligi-zirvesi\/","title":{"rendered":"International Military Radar and Border Security Summit"},"content":{"rendered":"<div data-elementor-type=\"wp-page\" data-elementor-id=\"3097\" class=\"elementor elementor-3097\">\n\t\t\t\t\t\t<div class=\"elementor-inner\">\n\t\t\t\t<div class=\"elementor-section-wrap\">\n\t\t\t\t\t\t\t\t\t<section class=\"elementor-section elementor-top-section elementor-element elementor-element-22715ed elementor-section-boxed elementor-section-height-default elementor-section-height-default parallax_section_no qode_elementor_container_no\" data-id=\"22715ed\" data-element_type=\"section\">\n\t\t\t\t\t\t<div class=\"elementor-container elementor-column-gap-default\">\n\t\t\t\t\t\t\t<div class=\"elementor-row\">\n\t\t\t\t\t<div class=\"elementor-column elementor-col-100 elementor-top-column elementor-element elementor-element-3aef439\" data-id=\"3aef439\" data-element_type=\"column\">\n\t\t\t<div class=\"elementor-column-wrap elementor-element-populated\">\n\t\t\t\t\t\t\t<div class=\"elementor-widget-wrap\">\n\t\t\t\t\t\t<div class=\"elementor-element elementor-element-44d43ab elementor-widget elementor-widget-spacer\" data-id=\"44d43ab\" data-element_type=\"widget\" data-widget_type=\"spacer.default\">\n\t\t\t\t<div class=\"elementor-widget-container\">\n\t\t\t\t\t<div class=\"elementor-spacer\">\n\t\t\t<div class=\"elementor-spacer-inner\"><\/div>\n\t\t<\/div>\n\t\t\t\t<\/div>\n\t\t\t\t<\/div>\n\t\t\t\t\t\t<\/div>\n\t\t\t\t\t<\/div>\n\t\t<\/div>\n\t\t\t\t\t\t\t\t<\/div>\n\t\t\t\t\t<\/div>\n\t\t<\/section>\n\t\t\t\t<section class=\"elementor-section elementor-top-section elementor-element elementor-element-b77a9b9 elementor-section-boxed elementor-section-height-default elementor-section-height-default parallax_section_no qode_elementor_container_no\" data-id=\"b77a9b9\" data-element_type=\"section\">\n\t\t\t\t\t\t<div class=\"elementor-container elementor-column-gap-default\">\n\t\t\t\t\t\t\t<div class=\"elementor-row\">\n\t\t\t\t\t<div class=\"elementor-column elementor-col-50 elementor-top-column elementor-element elementor-element-af74e46\" data-id=\"af74e46\" data-element_type=\"column\">\n\t\t\t<div class=\"elementor-column-wrap elementor-element-populated\">\n\t\t\t\t\t\t\t<div class=\"elementor-widget-wrap\">\n\t\t\t\t\t\t<div class=\"elementor-element elementor-element-5f40ca3 elementor-widget elementor-widget-image\" data-id=\"5f40ca3\" data-element_type=\"widget\" data-widget_type=\"image.default\">\n\t\t\t\t<div class=\"elementor-widget-container\">\n\t\t\t\t\t\t\t\t<div class=\"elementor-image\">\n\t\t\t\t\t\t\t\t\t\t\t\t<img width=\"770\" height=\"470\" src=\"https:\/\/ulusalsavunma.com.tr\/wp-content\/uploads\/2021\/02\/II-Uluslararasi-Askeri-Radar-ve-Sinir-Guvenligi-Zirvesi.jpg\" class=\"attachment-full size-full\" alt=\"\" loading=\"lazy\" srcset=\"https:\/\/ulusalsavunma.com.tr\/wp-content\/uploads\/2021\/02\/II-Uluslararasi-Askeri-Radar-ve-Sinir-Guvenligi-Zirvesi.jpg 770w, https:\/\/ulusalsavunma.com.tr\/wp-content\/uploads\/2021\/02\/II-Uluslararasi-Askeri-Radar-ve-Sinir-Guvenligi-Zirvesi-300x183.jpg 300w, https:\/\/ulusalsavunma.com.tr\/wp-content\/uploads\/2021\/02\/II-Uluslararasi-Askeri-Radar-ve-Sinir-Guvenligi-Zirvesi-768x469.jpg 768w, https:\/\/ulusalsavunma.com.tr\/wp-content\/uploads\/2021\/02\/II-Uluslararasi-Askeri-Radar-ve-Sinir-Guvenligi-Zirvesi-16x10.jpg 16w, https:\/\/ulusalsavunma.com.tr\/wp-content\/uploads\/2021\/02\/II-Uluslararasi-Askeri-Radar-ve-Sinir-Guvenligi-Zirvesi-700x427.jpg 700w\" sizes=\"(max-width: 770px) 100vw, 770px\" \/>\t\t\t\t\t\t\t\t\t\t\t\t\t\t<\/div>\n\t\t\t\t\t\t<\/div>\n\t\t\t\t<\/div>\n\t\t\t\t<div class=\"elementor-element elementor-element-d6d4d54 elementor-widget elementor-widget-bridge_icon_text\" data-id=\"d6d4d54\" data-element_type=\"widget\" data-widget_type=\"bridge_icon_text.default\">\n\t\t\t\t<div class=\"elementor-widget-container\">\n\t\t\t<div class='q_icon_with_title tiny normal_icon'><div class=\"icon_holder q_icon_animation\" style=\" \"><span data-icon-type=\"normal\"   style=\"\" class=\"qode_iwt_icon_holder q_font_awsome_icon fa-lg\"><i class=\"qode_icon_font_awesome fa fa-clock-o qode_iwt_icon_element\" style=\"\" ><\/i><\/span><\/div><div class=\"icon_text_holder\" style=\"padding-left:25px;\"><div class=\"icon_text_inner\" style=\"\"><h5 class=\"icon_title\" style=\"\"><\/h5><p style=''>3 October 2018<\/p><\/div><\/div><\/div>\t\t<\/div>\n\t\t\t\t<\/div>\n\t\t\t\t<div class=\"elementor-element elementor-element-ed8a389 elementor-widget elementor-widget-heading\" data-id=\"ed8a389\" data-element_type=\"widget\" data-widget_type=\"heading.default\">\n\t\t\t\t<div class=\"elementor-widget-container\">\n\t\t\t<h2 class=\"elementor-heading-title elementor-size-default\">Ulusal Savunma Takes Part in the International Military Radar and Border Security Summit<\/h2>\t\t<\/div>\n\t\t\t\t<\/div>\n\t\t\t\t<div class=\"elementor-element elementor-element-3e65dda elementor-widget elementor-widget-text-editor\" data-id=\"3e65dda\" data-element_type=\"widget\" data-widget_type=\"text-editor.default\">\n\t\t\t\t<div class=\"elementor-widget-container\">\n\t\t\t\t\t\t\t\t<div class=\"elementor-text-editor elementor-clearfix\">\n\t\t\t\t<p>Ulusal Savunma exhibited its anti-drone system solutions at the International Military Radar and Border Security Summit, held in Ankara on 2\u20133 October, 2018, where S\u00fcleyman Soylu, Minister of Interior; and Prof. Dr. \u0130smail Demir, President of Defence Industries, as well as many other important names, visited the stand of the company. Veli Er\u00e7elik, Founder of Ulusal Savunma, briefed Minister Soylu and Prof. Dr. Demir on two of the company\u2019s products, \u0130HAMAX and DRON X.<\/p>\t\t\t\t\t<\/div>\n\t\t\t\t\t\t<\/div>\n\t\t\t\t<\/div>\n\t\t\t\t\t\t<\/div>\n\t\t\t\t\t<\/div>\n\t\t<\/div>\n\t\t\t\t<div class=\"elementor-column elementor-col-50 elementor-top-column elementor-element elementor-element-95675f1\" data-id=\"95675f1\" data-element_type=\"column\">\n\t\t\t<div class=\"elementor-column-wrap elementor-element-populated\">\n\t\t\t\t\t\t\t<div class=\"elementor-widget-wrap\">\n\t\t\t\t\t\t<section class=\"elementor-section elementor-inner-section elementor-element elementor-element-4a33670 elementor-hidden-tablet elementor-hidden-phone elementor-section-boxed elementor-section-height-default elementor-section-height-default parallax_section_no qode_elementor_container_no\" data-id=\"4a33670\" data-element_type=\"section\">\n\t\t\t\t\t\t<div class=\"elementor-container elementor-column-gap-default\">\n\t\t\t\t\t\t\t<div class=\"elementor-row\">\n\t\t\t\t\t<div class=\"elementor-column elementor-col-50 elementor-inner-column elementor-element elementor-element-486cb88\" data-id=\"486cb88\" data-element_type=\"column\">\n\t\t\t<div class=\"elementor-column-wrap elementor-element-populated\">\n\t\t\t\t\t\t\t<div class=\"elementor-widget-wrap\">\n\t\t\t\t\t\t<div class=\"elementor-element elementor-element-f6eebbe elementor-widget elementor-widget-image\" data-id=\"f6eebbe\" data-element_type=\"widget\" data-widget_type=\"image.default\">\n\t\t\t\t<div class=\"elementor-widget-container\">\n\t\t\t\t\t\t\t\t<div class=\"elementor-image\">\n\t\t\t\t\t\t\t\t\t\t\t\t\t<a href=\"https:\/\/ulusalsavunma.com.tr\/en\/sedec-2018\/\">\n\t\t\t\t\t\t\t<img width=\"770\" height=\"470\" src=\"https:\/\/ulusalsavunma.com.tr\/wp-content\/uploads\/2021\/02\/SEDEC-2018-1.jpg\" class=\"attachment-full size-full\" alt=\"\" loading=\"lazy\" srcset=\"https:\/\/ulusalsavunma.com.tr\/wp-content\/uploads\/2021\/02\/SEDEC-2018-1.jpg 770w, https:\/\/ulusalsavunma.com.tr\/wp-content\/uploads\/2021\/02\/SEDEC-2018-1-300x183.jpg 300w, https:\/\/ulusalsavunma.com.tr\/wp-content\/uploads\/2021\/02\/SEDEC-2018-1-768x469.jpg 768w, https:\/\/ulusalsavunma.com.tr\/wp-content\/uploads\/2021\/02\/SEDEC-2018-1-16x10.jpg 16w, https:\/\/ulusalsavunma.com.tr\/wp-content\/uploads\/2021\/02\/SEDEC-2018-1-700x427.jpg 700w\" sizes=\"(max-width: 770px) 100vw, 770px\" \/>\t\t\t\t\t\t\t\t<\/a>\n\t\t\t\t\t\t\t\t\t\t\t\t\t\t<\/div>\n\t\t\t\t\t\t<\/div>\n\t\t\t\t<\/div>\n\t\t\t\t\t\t<\/div>\n\t\t\t\t\t<\/div>\n\t\t<\/div>\n\t\t\t\t<div class=\"elementor-column elementor-col-50 elementor-inner-column elementor-element elementor-element-f21fe29\" data-id=\"f21fe29\" data-element_type=\"column\">\n\t\t\t<div class=\"elementor-column-wrap elementor-element-populated\">\n\t\t\t\t\t\t\t<div class=\"elementor-widget-wrap\">\n\t\t\t\t\t\t<div class=\"elementor-element elementor-element-d3b3b1a elementor-widget elementor-widget-heading\" data-id=\"d3b3b1a\" data-element_type=\"widget\" data-widget_type=\"heading.default\">\n\t\t\t\t<div class=\"elementor-widget-container\">\n\t\t\t<p class=\"elementor-heading-title elementor-size-default\"><a href=\"https:\/\/ulusalsavunma.com.tr\/en\/sedec-2018\/\">SEDEC 2018<\/a><\/p>\t\t<\/div>\n\t\t\t\t<\/div>\n\t\t\t\t\t\t<\/div>\n\t\t\t\t\t<\/div>\n\t\t<\/div>\n\t\t\t\t\t\t\t\t<\/div>\n\t\t\t\t\t<\/div>\n\t\t<\/section>\n\t\t\t\t<section class=\"elementor-section elementor-inner-section elementor-element elementor-element-57b580a elementor-hidden-tablet elementor-hidden-phone elementor-section-boxed elementor-section-height-default elementor-section-height-default parallax_section_no qode_elementor_container_no\" data-id=\"57b580a\" data-element_type=\"section\">\n\t\t\t\t\t\t<div class=\"elementor-container elementor-column-gap-default\">\n\t\t\t\t\t\t\t<div class=\"elementor-row\">\n\t\t\t\t\t<div class=\"elementor-column elementor-col-50 elementor-inner-column elementor-element elementor-element-7380897\" data-id=\"7380897\" data-element_type=\"column\">\n\t\t\t<div class=\"elementor-column-wrap elementor-element-populated\">\n\t\t\t\t\t\t\t<div class=\"elementor-widget-wrap\">\n\t\t\t\t\t\t<div class=\"elementor-element elementor-element-be5e7b3 elementor-widget elementor-widget-image\" data-id=\"be5e7b3\" data-element_type=\"widget\" data-widget_type=\"image.default\">\n\t\t\t\t<div class=\"elementor-widget-container\">\n\t\t\t\t\t\t\t\t<div class=\"elementor-image\">\n\t\t\t\t\t\t\t\t\t\t\t\t\t<a href=\"https:\/\/ulusalsavunma.com.tr\/en\/ege-savunma-sanayi-ve-tedarikci-zirvesi\/\">\n\t\t\t\t\t\t\t<img width=\"770\" height=\"470\" src=\"https:\/\/ulusalsavunma.com.tr\/wp-content\/uploads\/2021\/02\/ege-savunma-sanayi-zirvesi.jpg\" class=\"attachment-full size-full\" alt=\"\" loading=\"lazy\" srcset=\"https:\/\/ulusalsavunma.com.tr\/wp-content\/uploads\/2021\/02\/ege-savunma-sanayi-zirvesi.jpg 770w, https:\/\/ulusalsavunma.com.tr\/wp-content\/uploads\/2021\/02\/ege-savunma-sanayi-zirvesi-300x183.jpg 300w, https:\/\/ulusalsavunma.com.tr\/wp-content\/uploads\/2021\/02\/ege-savunma-sanayi-zirvesi-768x469.jpg 768w, https:\/\/ulusalsavunma.com.tr\/wp-content\/uploads\/2021\/02\/ege-savunma-sanayi-zirvesi-16x10.jpg 16w, https:\/\/ulusalsavunma.com.tr\/wp-content\/uploads\/2021\/02\/ege-savunma-sanayi-zirvesi-700x427.jpg 700w\" sizes=\"(max-width: 770px) 100vw, 770px\" \/>\t\t\t\t\t\t\t\t<\/a>\n\t\t\t\t\t\t\t\t\t\t\t\t\t\t<\/div>\n\t\t\t\t\t\t<\/div>\n\t\t\t\t<\/div>\n\t\t\t\t\t\t<\/div>\n\t\t\t\t\t<\/div>\n\t\t<\/div>\n\t\t\t\t<div class=\"elementor-column elementor-col-50 elementor-inner-column elementor-element elementor-element-3afee3e\" data-id=\"3afee3e\" data-element_type=\"column\">\n\t\t\t<div class=\"elementor-column-wrap elementor-element-populated\">\n\t\t\t\t\t\t\t<div class=\"elementor-widget-wrap\">\n\t\t\t\t\t\t<div class=\"elementor-element elementor-element-91b79ec elementor-widget elementor-widget-heading\" data-id=\"91b79ec\" data-element_type=\"widget\" data-widget_type=\"heading.default\">\n\t\t\t\t<div class=\"elementor-widget-container\">\n\t\t\t<p class=\"elementor-heading-title elementor-size-default\"><a href=\"https:\/\/ulusalsavunma.com.tr\/en\/ege-savunma-sanayi-ve-tedarikci-zirvesi\/\">Aegean Defence Industry &amp; Supplier Summit<\/a><\/p>\t\t<\/div>\n\t\t\t\t<\/div>\n\t\t\t\t\t\t<\/div>\n\t\t\t\t\t<\/div>\n\t\t<\/div>\n\t\t\t\t\t\t\t\t<\/div>\n\t\t\t\t\t<\/div>\n\t\t<\/section>\n\t\t\t\t<section class=\"elementor-section elementor-inner-section elementor-element elementor-element-4ca723f elementor-hidden-tablet elementor-hidden-phone elementor-section-boxed elementor-section-height-default elementor-section-height-default parallax_section_no qode_elementor_container_no\" data-id=\"4ca723f\" data-element_type=\"section\">\n\t\t\t\t\t\t<div class=\"elementor-container elementor-column-gap-default\">\n\t\t\t\t\t\t\t<div class=\"elementor-row\">\n\t\t\t\t\t<div class=\"elementor-column elementor-col-50 elementor-inner-column elementor-element elementor-element-7eec866\" data-id=\"7eec866\" data-element_type=\"column\">\n\t\t\t<div class=\"elementor-column-wrap elementor-element-populated\">\n\t\t\t\t\t\t\t<div class=\"elementor-widget-wrap\">\n\t\t\t\t\t\t<div class=\"elementor-element elementor-element-d4330dc elementor-widget elementor-widget-image\" data-id=\"d4330dc\" data-element_type=\"widget\" data-widget_type=\"image.default\">\n\t\t\t\t<div class=\"elementor-widget-container\">\n\t\t\t\t\t\t\t\t<div class=\"elementor-image\">\n\t\t\t\t\t\t\t\t\t\t\t\t\t<a href=\"https:\/\/ulusalsavunma.com.tr\/en\/2-askeri-radar-ve-sinir-guvenligi-zirvesi\/\">\n\t\t\t\t\t\t\t<img width=\"770\" height=\"470\" src=\"https:\/\/ulusalsavunma.com.tr\/wp-content\/uploads\/2021\/02\/II-Uluslararasi-Askeri-Radar-ve-Sinir-Guvenligi-Zirvesi-2.jpg\" class=\"attachment-full size-full\" alt=\"\" loading=\"lazy\" srcset=\"https:\/\/ulusalsavunma.com.tr\/wp-content\/uploads\/2021\/02\/II-Uluslararasi-Askeri-Radar-ve-Sinir-Guvenligi-Zirvesi-2.jpg 770w, https:\/\/ulusalsavunma.com.tr\/wp-content\/uploads\/2021\/02\/II-Uluslararasi-Askeri-Radar-ve-Sinir-Guvenligi-Zirvesi-2-300x183.jpg 300w, https:\/\/ulusalsavunma.com.tr\/wp-content\/uploads\/2021\/02\/II-Uluslararasi-Askeri-Radar-ve-Sinir-Guvenligi-Zirvesi-2-768x469.jpg 768w, https:\/\/ulusalsavunma.com.tr\/wp-content\/uploads\/2021\/02\/II-Uluslararasi-Askeri-Radar-ve-Sinir-Guvenligi-Zirvesi-2-16x10.jpg 16w, https:\/\/ulusalsavunma.com.tr\/wp-content\/uploads\/2021\/02\/II-Uluslararasi-Askeri-Radar-ve-Sinir-Guvenligi-Zirvesi-2-700x427.jpg 700w\" sizes=\"(max-width: 770px) 100vw, 770px\" \/>\t\t\t\t\t\t\t\t<\/a>\n\t\t\t\t\t\t\t\t\t\t\t\t\t\t<\/div>\n\t\t\t\t\t\t<\/div>\n\t\t\t\t<\/div>\n\t\t\t\t\t\t<\/div>\n\t\t\t\t\t<\/div>\n\t\t<\/div>\n\t\t\t\t<div class=\"elementor-column elementor-col-50 elementor-inner-column elementor-element elementor-element-88517a4\" data-id=\"88517a4\" data-element_type=\"column\">\n\t\t\t<div class=\"elementor-column-wrap elementor-element-populated\">\n\t\t\t\t\t\t\t<div class=\"elementor-widget-wrap\">\n\t\t\t\t\t\t<div class=\"elementor-element elementor-element-852a45b elementor-widget elementor-widget-heading\" data-id=\"852a45b\" data-element_type=\"widget\" data-widget_type=\"heading.default\">\n\t\t\t\t<div class=\"elementor-widget-container\">\n\t\t\t<p class=\"elementor-heading-title elementor-size-default\"><a href=\"https:\/\/ulusalsavunma.com.tr\/en\/2-askeri-radar-ve-sinir-guvenligi-zirvesi\/\">II. International Military Radar and Border Security Summit<\/a><\/p>\t\t<\/div>\n\t\t\t\t<\/div>\n\t\t\t\t\t\t<\/div>\n\t\t\t\t\t<\/div>\n\t\t<\/div>\n\t\t\t\t\t\t\t\t<\/div>\n\t\t\t\t\t<\/div>\n\t\t<\/section>\n\t\t\t\t\t\t<\/div>\n\t\t\t\t\t<\/div>\n\t\t<\/div>\n\t\t\t\t\t\t\t\t<\/div>\n\t\t\t\t\t<\/div>\n\t\t<\/section>\n\t\t\t\t<section class=\"elementor-section elementor-top-section elementor-element elementor-element-5177229 elementor-section-boxed elementor-section-height-default elementor-section-height-default parallax_section_no qode_elementor_container_no\" data-id=\"5177229\" data-element_type=\"section\">\n\t\t\t\t\t\t<div class=\"elementor-container elementor-column-gap-default\">\n\t\t\t\t\t\t\t<div class=\"elementor-row\">\n\t\t\t\t\t<div class=\"elementor-column elementor-col-100 elementor-top-column elementor-element elementor-element-5a9b8b9\" data-id=\"5a9b8b9\" data-element_type=\"column\">\n\t\t\t<div class=\"elementor-column-wrap elementor-element-populated\">\n\t\t\t\t\t\t\t<div class=\"elementor-widget-wrap\">\n\t\t\t\t\t\t<div class=\"elementor-element elementor-element-841c951 elementor-widget elementor-widget-spacer\" data-id=\"841c951\" data-element_type=\"widget\" data-widget_type=\"spacer.default\">\n\t\t\t\t<div class=\"elementor-widget-container\">\n\t\t\t\t\t<div class=\"elementor-spacer\">\n\t\t\t<div class=\"elementor-spacer-inner\"><\/div>\n\t\t<\/div>\n\t\t\t\t<\/div>\n\t\t\t\t<\/div>\n\t\t\t\t\t\t<\/div>\n\t\t\t\t\t<\/div>\n\t\t<\/div>\n\t\t\t\t\t\t\t\t<\/div>\n\t\t\t\t\t<\/div>\n\t\t<\/section>\n\t\t\t\t\t\t\t\t\t<\/div>\n\t\t\t<\/div>\n\t\t\t\t\t<\/div>","protected":false},"excerpt":{"rendered":"<p>3 Ekim 2018 Ulusal Savunma, Uluslararas\u0131 Askeri Radar ve S\u0131n\u0131r G\u00fcvenli\u011fi Zirvesi\u2019nde Yerini Ald\u0131 Ulusal Savunma, 2-3 Ekim 2018 tarihlerinde Ankara\u2019da d\u00fczenlenen Uluslararas\u0131 Askeri Radar ve S\u0131n\u0131r G\u00fcvenli\u011fi Zirvesi\u2019nde, dron savar sistemleri konusundaki \u00e7\u00f6z\u00fcmlerini sergiledi. Firma, stand\u0131nda, \u0130\u00e7i\u015fleri Bakan\u0131 S\u00fcleyman Soylu ve Cumhurba\u015fkanl\u0131\u011f\u0131 Savunma Sanayii&#8230;<\/p>","protected":false},"author":1,"featured_media":0,"parent":0,"menu_order":0,"comment_status":"closed","ping_status":"closed","template":"","meta":{"spay_email":""},"yoast_head":"<!-- This site is optimized with the Yoast SEO plugin v18.5.1 - https:\/\/yoast.com\/wordpress\/plugins\/seo\/ -->\n<title>Uluslararas\u0131 Askeri Radar ve S\u0131n\u0131r G\u00fcvenli\u011fi Zirvesi | Ulusal Savunma<\/title>\n<meta name=\"robots\" content=\"index, follow, max-snippet:-1, max-image-preview:large, max-video-preview:-1\" \/>\n<link rel=\"canonical\" href=\"https:\/\/ulusalsavunma.com.tr\/en\/uluslararasi-askeri-radar-ve-sinir-guvenligi-zirvesi\/\" \/>\n<meta property=\"og:locale\" content=\"en_GB\" \/>\n<meta property=\"og:type\" content=\"article\" \/>\n<meta property=\"og:title\" content=\"Uluslararas\u0131 Askeri Radar ve S\u0131n\u0131r G\u00fcvenli\u011fi Zirvesi | Ulusal Savunma\" \/>\n<meta property=\"og:description\" content=\"3 Ekim 2018 Ulusal Savunma, Uluslararas\u0131 Askeri Radar ve S\u0131n\u0131r G\u00fcvenli\u011fi Zirvesi\u2019nde Yerini Ald\u0131 Ulusal Savunma, 2-3 Ekim 2018 tarihlerinde Ankara\u2019da d\u00fczenlenen Uluslararas\u0131 Askeri Radar ve S\u0131n\u0131r G\u00fcvenli\u011fi Zirvesi\u2019nde, dron savar sistemleri konusundaki \u00e7\u00f6z\u00fcmlerini sergiledi. Firma, stand\u0131nda, \u0130\u00e7i\u015fleri Bakan\u0131 S\u00fcleyman Soylu ve Cumhurba\u015fkanl\u0131\u011f\u0131 Savunma Sanayii...\" \/>\n<meta property=\"og:url\" content=\"https:\/\/ulusalsavunma.com.tr\/en\/uluslararasi-askeri-radar-ve-sinir-guvenligi-zirvesi\/\" \/>\n<meta property=\"og:site_name\" content=\"Ulusal Savunma\" \/>\n<meta property=\"article:modified_time\" content=\"2021-02-27T09:43:41+00:00\" \/>\n<meta property=\"og:image\" content=\"http:\/\/ulusalsavunma.com.tr\/wp-content\/uploads\/2021\/02\/II-Uluslararasi-Askeri-Radar-ve-Sinir-Guvenligi-Zirvesi.jpg\" \/>\n<meta name=\"twitter:card\" content=\"summary_large_image\" \/>\n<meta name=\"twitter:label1\" content=\"Estimated reading time\" \/>\n\t<meta name=\"twitter:data1\" content=\"2 minutes\" \/>\n<script type=\"application\/ld+json\" class=\"yoast-schema-graph\">{\"@context\":\"https:\/\/schema.org\",\"@graph\":[{\"@type\":\"WebSite\",\"@id\":\"https:\/\/ulusalsavunma.com.tr\/#website\",\"url\":\"https:\/\/ulusalsavunma.com.tr\/\",\"name\":\"Ulusal Savunma\",\"description\":\"\",\"potentialAction\":[{\"@type\":\"SearchAction\",\"target\":{\"@type\":\"EntryPoint\",\"urlTemplate\":\"https:\/\/ulusalsavunma.com.tr\/?s={search_term_string}\"},\"query-input\":\"required name=search_term_string\"}],\"inLanguage\":\"en-GB\"},{\"@type\":\"ImageObject\",\"@id\":\"https:\/\/ulusalsavunma.com.tr\/uluslararasi-askeri-radar-ve-sinir-guvenligi-zirvesi\/#primaryimage\",\"inLanguage\":\"en-GB\",\"url\":\"http:\/\/ulusalsavunma.com.tr\/wp-content\/uploads\/2021\/02\/II-Uluslararasi-Askeri-Radar-ve-Sinir-Guvenligi-Zirvesi.jpg\",\"contentUrl\":\"http:\/\/ulusalsavunma.com.tr\/wp-content\/uploads\/2021\/02\/II-Uluslararasi-Askeri-Radar-ve-Sinir-Guvenligi-Zirvesi.jpg\"},{\"@type\":\"WebPage\",\"@id\":\"https:\/\/ulusalsavunma.com.tr\/uluslararasi-askeri-radar-ve-sinir-guvenligi-zirvesi\/#webpage\",\"url\":\"https:\/\/ulusalsavunma.com.tr\/uluslararasi-askeri-radar-ve-sinir-guvenligi-zirvesi\/\",\"name\":\"Uluslararas\u0131 Askeri Radar ve S\u0131n\u0131r G\u00fcvenli\u011fi Zirvesi | Ulusal Savunma\",\"isPartOf\":{\"@id\":\"https:\/\/ulusalsavunma.com.tr\/#website\"},\"primaryImageOfPage\":{\"@id\":\"https:\/\/ulusalsavunma.com.tr\/uluslararasi-askeri-radar-ve-sinir-guvenligi-zirvesi\/#primaryimage\"},\"datePublished\":\"2021-02-16T06:52:21+00:00\",\"dateModified\":\"2021-02-27T09:43:41+00:00\",\"breadcrumb\":{\"@id\":\"https:\/\/ulusalsavunma.com.tr\/uluslararasi-askeri-radar-ve-sinir-guvenligi-zirvesi\/#breadcrumb\"},\"inLanguage\":\"en-GB\",\"potentialAction\":[{\"@type\":\"ReadAction\",\"target\":[\"https:\/\/ulusalsavunma.com.tr\/uluslararasi-askeri-radar-ve-sinir-guvenligi-zirvesi\/\"]}]},{\"@type\":\"BreadcrumbList\",\"@id\":\"https:\/\/ulusalsavunma.com.tr\/uluslararasi-askeri-radar-ve-sinir-guvenligi-zirvesi\/#breadcrumb\",\"itemListElement\":[{\"@type\":\"ListItem\",\"position\":1,\"name\":\"Ana Sayfa\",\"item\":\"https:\/\/ulusalsavunma.com.tr\/\"},{\"@type\":\"ListItem\",\"position\":2,\"name\":\"Uluslararas\u0131 Askeri Radar ve S\u0131n\u0131r G\u00fcvenli\u011fi Zirvesi\"}]}]}<\/script>\n<!-- \/ Yoast SEO plugin. -->","yoast_head_json":{"title":"Uluslararas\u0131 Askeri Radar ve S\u0131n\u0131r G\u00fcvenli\u011fi Zirvesi | Ulusal Savunma","robots":{"index":"index","follow":"follow","max-snippet":"max-snippet:-1","max-image-preview":"max-image-preview:large","max-video-preview":"max-video-preview:-1"},"canonical":"https:\/\/ulusalsavunma.com.tr\/en\/uluslararasi-askeri-radar-ve-sinir-guvenligi-zirvesi\/","og_locale":"en_GB","og_type":"article","og_title":"Uluslararas\u0131 Askeri Radar ve S\u0131n\u0131r G\u00fcvenli\u011fi Zirvesi | Ulusal Savunma","og_description":"3 Ekim 2018 Ulusal Savunma, Uluslararas\u0131 Askeri Radar ve S\u0131n\u0131r G\u00fcvenli\u011fi Zirvesi\u2019nde Yerini Ald\u0131 Ulusal Savunma, 2-3 Ekim 2018 tarihlerinde Ankara\u2019da d\u00fczenlenen Uluslararas\u0131 Askeri Radar ve S\u0131n\u0131r G\u00fcvenli\u011fi Zirvesi\u2019nde, dron savar sistemleri konusundaki \u00e7\u00f6z\u00fcmlerini sergiledi. Firma, stand\u0131nda, \u0130\u00e7i\u015fleri Bakan\u0131 S\u00fcleyman Soylu ve Cumhurba\u015fkanl\u0131\u011f\u0131 Savunma Sanayii...","og_url":"https:\/\/ulusalsavunma.com.tr\/en\/uluslararasi-askeri-radar-ve-sinir-guvenligi-zirvesi\/","og_site_name":"Ulusal Savunma","article_modified_time":"2021-02-27T09:43:41+00:00","og_image":[{"url":"http:\/\/ulusalsavunma.com.tr\/wp-content\/uploads\/2021\/02\/II-Uluslararasi-Askeri-Radar-ve-Sinir-Guvenligi-Zirvesi.jpg"}],"twitter_card":"summary_large_image","twitter_misc":{"Estimated reading time":"2 minutes"},"schema":{"@context":"https:\/\/schema.org","@graph":[{"@type":"WebSite","@id":"https:\/\/ulusalsavunma.com.tr\/#website","url":"https:\/\/ulusalsavunma.com.tr\/","name":"Ulusal Savunma","description":"","potentialAction":[{"@type":"SearchAction","target":{"@type":"EntryPoint","urlTemplate":"https:\/\/ulusalsavunma.com.tr\/?s={search_term_string}"},"query-input":"required name=search_term_string"}],"inLanguage":"en-GB"},{"@type":"ImageObject","@id":"https:\/\/ulusalsavunma.com.tr\/uluslararasi-askeri-radar-ve-sinir-guvenligi-zirvesi\/#primaryimage","inLanguage":"en-GB","url":"http:\/\/ulusalsavunma.com.tr\/wp-content\/uploads\/2021\/02\/II-Uluslararasi-Askeri-Radar-ve-Sinir-Guvenligi-Zirvesi.jpg","contentUrl":"http:\/\/ulusalsavunma.com.tr\/wp-content\/uploads\/2021\/02\/II-Uluslararasi-Askeri-Radar-ve-Sinir-Guvenligi-Zirvesi.jpg"},{"@type":"WebPage","@id":"https:\/\/ulusalsavunma.com.tr\/uluslararasi-askeri-radar-ve-sinir-guvenligi-zirvesi\/#webpage","url":"https:\/\/ulusalsavunma.com.tr\/uluslararasi-askeri-radar-ve-sinir-guvenligi-zirvesi\/","name":"Uluslararas\u0131 Askeri Radar ve S\u0131n\u0131r G\u00fcvenli\u011fi Zirvesi | Ulusal Savunma","isPartOf":{"@id":"https:\/\/ulusalsavunma.com.tr\/#website"},"primaryImageOfPage":{"@id":"https:\/\/ulusalsavunma.com.tr\/uluslararasi-askeri-radar-ve-sinir-guvenligi-zirvesi\/#primaryimage"},"datePublished":"2021-02-16T06:52:21+00:00","dateModified":"2021-02-27T09:43:41+00:00","breadcrumb":{"@id":"https:\/\/ulusalsavunma.com.tr\/uluslararasi-askeri-radar-ve-sinir-guvenligi-zirvesi\/#breadcrumb"},"inLanguage":"en-GB","potentialAction":[{"@type":"ReadAction","target":["https:\/\/ulusalsavunma.com.tr\/uluslararasi-askeri-radar-ve-sinir-guvenligi-zirvesi\/"]}]},{"@type":"BreadcrumbList","@id":"https:\/\/ulusalsavunma.com.tr\/uluslararasi-askeri-radar-ve-sinir-guvenligi-zirvesi\/#breadcrumb","itemListElement":[{"@type":"ListItem","position":1,"name":"Ana Sayfa","item":"https:\/\/ulusalsavunma.com.tr\/"},{"@type":"ListItem","position":2,"name":"Uluslararas\u0131 Askeri Radar ve S\u0131n\u0131r G\u00fcvenli\u011fi Zirvesi"}]}]}},"_links":{"self":[{"href":"https:\/\/ulusalsavunma.com.tr\/en\/wp-json\/wp\/v2\/pages\/3097"}],"collection":[{"href":"https:\/\/ulusalsavunma.com.tr\/en\/wp-json\/wp\/v2\/pages"}],"about":[{"href":"https:\/\/ulusalsavunma.com.tr\/en\/wp-json\/wp\/v2\/types\/page"}],"author":[{"embeddable":true,"href":"https:\/\/ulusalsavunma.com.tr\/en\/wp-json\/wp\/v2\/users\/1"}],"replies":[{"embeddable":true,"href":"https:\/\/ulusalsavunma.com.tr\/en\/wp-json\/wp\/v2\/comments?post=3097"}],"version-history":[{"count":34,"href":"https:\/\/ulusalsavunma.com.tr\/en\/wp-json\/wp\/v2\/pages\/3097\/revisions"}],"predecessor-version":[{"id":3336,"href":"https:\/\/ulusalsavunma.com.tr\/en\/wp-json\/wp\/v2\/pages\/3097\/revisions\/3336"}],"wp:attachment":[{"href":"https:\/\/ulusalsavunma.com.tr\/en\/wp-json\/wp\/v2\/media?parent=3097"}],"curies":[{"name":"wp","href":"https:\/\/api.w.org\/{rel}","templated":true}]}}