{"id":729,"date":"2021-01-23T19:40:42","date_gmt":"2021-01-23T16:40:42","guid":{"rendered":"http:\/\/demo.milscint.com\/ulusalsavunma\/?page_id=729"},"modified":"2021-02-09T11:26:49","modified_gmt":"2021-02-09T08:26:49","slug":"yonlendirilmis-dron-savarlar","status":"publish","type":"page","link":"https:\/\/ulusalsavunma.com.tr\/en\/yonlendirilmis-dron-savarlar\/","title":{"rendered":"Directed Anti-Drone Systems"},"content":{"rendered":"<div data-elementor-type=\"wp-page\" data-elementor-id=\"729\" class=\"elementor elementor-729\">\n\t\t\t\t\t\t<div class=\"elementor-inner\">\n\t\t\t\t<div class=\"elementor-section-wrap\">\n\t\t\t\t\t\t\t\t\t<section class=\"elementor-section elementor-top-section elementor-element elementor-element-93f5a1c elementor-section-boxed elementor-section-height-default elementor-section-height-default parallax_section_no qode_elementor_container_no\" data-id=\"93f5a1c\" data-element_type=\"section\">\n\t\t\t\t\t\t<div class=\"elementor-container elementor-column-gap-default\">\n\t\t\t\t\t\t\t<div class=\"elementor-row\">\n\t\t\t\t\t<div class=\"elementor-column elementor-col-100 elementor-top-column elementor-element elementor-element-739a405\" data-id=\"739a405\" data-element_type=\"column\">\n\t\t\t<div class=\"elementor-column-wrap elementor-element-populated\">\n\t\t\t\t\t\t\t<div class=\"elementor-widget-wrap\">\n\t\t\t\t\t\t<div class=\"elementor-element elementor-element-af1b609 elementor-widget elementor-widget-spacer\" data-id=\"af1b609\" data-element_type=\"widget\" data-widget_type=\"spacer.default\">\n\t\t\t\t<div class=\"elementor-widget-container\">\n\t\t\t\t\t<div class=\"elementor-spacer\">\n\t\t\t<div class=\"elementor-spacer-inner\"><\/div>\n\t\t<\/div>\n\t\t\t\t<\/div>\n\t\t\t\t<\/div>\n\t\t\t\t\t\t<\/div>\n\t\t\t\t\t<\/div>\n\t\t<\/div>\n\t\t\t\t\t\t\t\t<\/div>\n\t\t\t\t\t<\/div>\n\t\t<\/section>\n\t\t\t\t<section class=\"elementor-section elementor-top-section elementor-element elementor-element-b69926d elementor-section-boxed elementor-section-height-default elementor-section-height-default parallax_section_no qode_elementor_container_no\" data-id=\"b69926d\" data-element_type=\"section\">\n\t\t\t\t\t\t<div class=\"elementor-container elementor-column-gap-default\">\n\t\t\t\t\t\t\t<div class=\"elementor-row\">\n\t\t\t\t\t<div class=\"elementor-column elementor-col-100 elementor-top-column elementor-element elementor-element-44a2deb\" data-id=\"44a2deb\" data-element_type=\"column\">\n\t\t\t<div class=\"elementor-column-wrap elementor-element-populated\">\n\t\t\t\t\t\t\t<div class=\"elementor-widget-wrap\">\n\t\t\t\t\t\t<div class=\"elementor-element elementor-element-cfcc7e7 elementor-widget elementor-widget-text-editor\" data-id=\"cfcc7e7\" data-element_type=\"widget\" data-widget_type=\"text-editor.default\">\n\t\t\t\t<div class=\"elementor-widget-container\">\n\t\t\t\t\t\t\t\t<div class=\"elementor-text-editor elementor-clearfix\">\n\t\t\t\t<p>Directed Anti-Drone Systems are preferred in scenarios where the use of 360-Degree Anti-Drone Systems is inconvenient, such as when other drone (mini UAV) systems are in use by friendly elements in the same region.<\/p><p>\u00a0<\/p><p>Directed Anti-Drone Systems are supplied with all the features found in all products of Ulusal Savunma, such as Special Antenna Design, Low Energy Consumption and Long Range, Ease of Training, Effectiveness against All Commercial Drones and Cost Effectiveness. In addition to these, it offers additional features that put it ahead of its competitors, including:<\/p>\t\t\t\t\t<\/div>\n\t\t\t\t\t\t<\/div>\n\t\t\t\t<\/div>\n\t\t\t\t\t\t<\/div>\n\t\t\t\t\t<\/div>\n\t\t<\/div>\n\t\t\t\t\t\t\t\t<\/div>\n\t\t\t\t\t<\/div>\n\t\t<\/section>\n\t\t\t\t<section class=\"elementor-section elementor-top-section elementor-element elementor-element-0e2e9ba elementor-section-boxed elementor-section-height-default elementor-section-height-default parallax_section_no qode_elementor_container_no\" data-id=\"0e2e9ba\" data-element_type=\"section\">\n\t\t\t\t\t\t<div class=\"elementor-container elementor-column-gap-default\">\n\t\t\t\t\t\t\t<div class=\"elementor-row\">\n\t\t\t\t\t<div class=\"elementor-column elementor-col-100 elementor-top-column elementor-element elementor-element-b9eef1f\" data-id=\"b9eef1f\" data-element_type=\"column\">\n\t\t\t<div class=\"elementor-column-wrap elementor-element-populated\">\n\t\t\t\t\t\t\t<div class=\"elementor-widget-wrap\">\n\t\t\t\t\t\t<div class=\"elementor-element elementor-element-4961759 elementor-widget elementor-widget-spacer\" data-id=\"4961759\" data-element_type=\"widget\" data-widget_type=\"spacer.default\">\n\t\t\t\t<div class=\"elementor-widget-container\">\n\t\t\t\t\t<div class=\"elementor-spacer\">\n\t\t\t<div class=\"elementor-spacer-inner\"><\/div>\n\t\t<\/div>\n\t\t\t\t<\/div>\n\t\t\t\t<\/div>\n\t\t\t\t\t\t<\/div>\n\t\t\t\t\t<\/div>\n\t\t<\/div>\n\t\t\t\t\t\t\t\t<\/div>\n\t\t\t\t\t<\/div>\n\t\t<\/section>\n\t\t\t\t<section class=\"elementor-section elementor-top-section elementor-element elementor-element-778b113 elementor-hidden-tablet elementor-hidden-phone elementor-section-boxed elementor-section-height-default elementor-section-height-default parallax_section_no qode_elementor_container_no\" data-id=\"778b113\" data-element_type=\"section\">\n\t\t\t\t\t\t<div class=\"elementor-container elementor-column-gap-default\">\n\t\t\t\t\t\t\t<div class=\"elementor-row\">\n\t\t\t\t\t<div class=\"elementor-column elementor-col-50 elementor-top-column elementor-element elementor-element-0c9be3a\" data-id=\"0c9be3a\" data-element_type=\"column\">\n\t\t\t<div class=\"elementor-column-wrap elementor-element-populated\">\n\t\t\t\t\t\t\t<div class=\"elementor-widget-wrap\">\n\t\t\t\t\t\t<div class=\"elementor-element elementor-element-57938a5 elementor-widget elementor-widget-bridge_image_with_text_over\" data-id=\"57938a5\" data-element_type=\"widget\" data-widget_type=\"bridge_image_with_text_over.default\">\n\t\t\t\t<div class=\"elementor-widget-container\">\n\t\t\t<div class=\"q_image_with_text_over\"><div class=\"shader\" ><\/div><img itemprop=\"image\" src=\"https:\/\/ulusalsavunma.com.tr\/wp-content\/uploads\/2021\/02\/US-Urunler-ErgonomikTasarim-800x609px.jpg\" alt=\"Ergonomik Tasar\u0131m\" \/><div class=\"text\"><table><tr><td><h3 class=\"caption no_icon\" style=\"font-size: 30px;\">Ergonomic Design<\/h3><\/td><\/tr><\/table><table><tr><td><div class=\"desc\"><p>The Directed Anti-Drone Systems of Ulusal Savunma make a difference with their ergonomic design, which is made possible by the small antennas developed by the company following intense R&amp;D studies. Directed Anti-Drone Systems are free of unnecessary protrusions, allowing a better fit to the body of the user, and all components have a special coating that ensures comfortable use, while not interfering with the RF signal. These systems are not encumbered by bulky batteries in the form of a backpack, and this ergonomic design reduces the burden on the user, especially during long and strenuous tasks.<\/p><\/div><\/td><\/tr><\/table><\/div><\/div>\t\t<\/div>\n\t\t\t\t<\/div>\n\t\t\t\t\t\t<\/div>\n\t\t\t\t\t<\/div>\n\t\t<\/div>\n\t\t\t\t<div class=\"elementor-column elementor-col-50 elementor-top-column elementor-element elementor-element-beeb632\" data-id=\"beeb632\" data-element_type=\"column\">\n\t\t\t<div class=\"elementor-column-wrap elementor-element-populated\">\n\t\t\t\t\t\t\t<div class=\"elementor-widget-wrap\">\n\t\t\t\t\t\t<div class=\"elementor-element elementor-element-d7f0487 elementor-widget elementor-widget-bridge_image_with_text_over\" data-id=\"d7f0487\" data-element_type=\"widget\" data-widget_type=\"bridge_image_with_text_over.default\">\n\t\t\t\t<div class=\"elementor-widget-container\">\n\t\t\t<div class=\"q_image_with_text_over\"><div class=\"shader\" ><\/div><img itemprop=\"image\" src=\"https:\/\/ulusalsavunma.com.tr\/wp-content\/uploads\/2021\/02\/US-Urunler-Hafiflik-800x609px.jpg\" alt=\"Hafiflik\" \/><div class=\"text\"><table><tr><td><h3 class=\"caption no_icon\" style=\"font-size: 30px;\">Lightweight<\/h3><\/td><\/tr><\/table><table><tr><td><div class=\"desc\"><p>Directed Anti-Drone Systems offer greater ranges with lower energy consumption than their competitors thanks to their special antenna design and their need for only small batteries. Batteries are one of the greatest sources of weight in anti-drone systems, and Ulusal Savunma products are able to surpass their counterparts as a result of the lightness of the batteries they use.<\/p><\/div><\/td><\/tr><\/table><\/div><\/div>\t\t<\/div>\n\t\t\t\t<\/div>\n\t\t\t\t\t\t<\/div>\n\t\t\t\t\t<\/div>\n\t\t<\/div>\n\t\t\t\t\t\t\t\t<\/div>\n\t\t\t\t\t<\/div>\n\t\t<\/section>\n\t\t\t\t<section class=\"elementor-section elementor-top-section elementor-element elementor-element-1454800 elementor-hidden-desktop elementor-section-boxed elementor-section-height-default elementor-section-height-default parallax_section_no qode_elementor_container_no\" data-id=\"1454800\" data-element_type=\"section\">\n\t\t\t\t\t\t<div class=\"elementor-container elementor-column-gap-default\">\n\t\t\t\t\t\t\t<div class=\"elementor-row\">\n\t\t\t\t\t<div class=\"elementor-column elementor-col-50 elementor-top-column elementor-element elementor-element-b9275ee\" data-id=\"b9275ee\" data-element_type=\"column\" data-settings=\"{&quot;background_background&quot;:&quot;classic&quot;}\">\n\t\t\t<div class=\"elementor-column-wrap elementor-element-populated\">\n\t\t\t\t\t\t\t<div class=\"elementor-widget-wrap\">\n\t\t\t\t\t\t<div class=\"elementor-element elementor-element-b3601eb elementor-widget elementor-widget-heading\" data-id=\"b3601eb\" data-element_type=\"widget\" data-widget_type=\"heading.default\">\n\t\t\t\t<div class=\"elementor-widget-container\">\n\t\t\t<h2 class=\"elementor-heading-title elementor-size-default\">Ergonomic Design<\/h2>\t\t<\/div>\n\t\t\t\t<\/div>\n\t\t\t\t<div class=\"elementor-element elementor-element-bbc5b85 elementor-widget elementor-widget-heading\" data-id=\"bbc5b85\" data-element_type=\"widget\" data-widget_type=\"heading.default\">\n\t\t\t\t<div class=\"elementor-widget-container\">\n\t\t\t<p class=\"elementor-heading-title elementor-size-default\">The Directed Anti-Drone Systems of Ulusal Savunma make a difference with their ergonomic design, which is made possible by the small antennas developed by the company following intense R&amp;D studies. Directed Anti-Drone Systems are free of unnecessary protrusions, allowing a better fit to the body of the user, and all components have a special coating that ensures comfortable use, while not interfering with the RF signal. These systems are not encumbered by bulky batteries in the form of a backpack, and this ergonomic design reduces the burden on the user, especially during long and strenuous tasks.<\/p>\t\t<\/div>\n\t\t\t\t<\/div>\n\t\t\t\t\t\t<\/div>\n\t\t\t\t\t<\/div>\n\t\t<\/div>\n\t\t\t\t<div class=\"elementor-column elementor-col-50 elementor-top-column elementor-element elementor-element-9673f33\" data-id=\"9673f33\" data-element_type=\"column\" data-settings=\"{&quot;background_background&quot;:&quot;classic&quot;}\">\n\t\t\t<div class=\"elementor-column-wrap elementor-element-populated\">\n\t\t\t\t\t\t\t<div class=\"elementor-widget-wrap\">\n\t\t\t\t\t\t<div class=\"elementor-element elementor-element-7f31eca elementor-widget elementor-widget-heading\" data-id=\"7f31eca\" data-element_type=\"widget\" data-widget_type=\"heading.default\">\n\t\t\t\t<div class=\"elementor-widget-container\">\n\t\t\t<h2 class=\"elementor-heading-title elementor-size-default\">Lightweight<\/h2>\t\t<\/div>\n\t\t\t\t<\/div>\n\t\t\t\t<div class=\"elementor-element elementor-element-3648ffb elementor-widget elementor-widget-heading\" data-id=\"3648ffb\" data-element_type=\"widget\" data-widget_type=\"heading.default\">\n\t\t\t\t<div class=\"elementor-widget-container\">\n\t\t\t<p class=\"elementor-heading-title elementor-size-default\">Directed Anti-Drone Systems offer greater ranges with lower energy consumption than their competitors thanks to their special antenna design and their need for only small batteries. Batteries are one of the greatest sources of weight in anti-drone systems, and Ulusal Savunma products are able to surpass their counterparts as a result of the lightness of the batteries they use.<\/p>\t\t<\/div>\n\t\t\t\t<\/div>\n\t\t\t\t\t\t<\/div>\n\t\t\t\t\t<\/div>\n\t\t<\/div>\n\t\t\t\t\t\t\t\t<\/div>\n\t\t\t\t\t<\/div>\n\t\t<\/section>\n\t\t\t\t<section class=\"elementor-section elementor-top-section elementor-element elementor-element-904fbc1 elementor-section-boxed elementor-section-height-default elementor-section-height-default parallax_section_no qode_elementor_container_no\" data-id=\"904fbc1\" data-element_type=\"section\">\n\t\t\t\t\t\t<div class=\"elementor-container elementor-column-gap-default\">\n\t\t\t\t\t\t\t<div class=\"elementor-row\">\n\t\t\t\t\t<div class=\"elementor-column elementor-col-100 elementor-top-column elementor-element elementor-element-6b8903a\" data-id=\"6b8903a\" data-element_type=\"column\">\n\t\t\t<div class=\"elementor-column-wrap elementor-element-populated\">\n\t\t\t\t\t\t\t<div class=\"elementor-widget-wrap\">\n\t\t\t\t\t\t<div class=\"elementor-element elementor-element-6e0a5d2 elementor-widget elementor-widget-spacer\" data-id=\"6e0a5d2\" data-element_type=\"widget\" data-widget_type=\"spacer.default\">\n\t\t\t\t<div class=\"elementor-widget-container\">\n\t\t\t\t\t<div class=\"elementor-spacer\">\n\t\t\t<div class=\"elementor-spacer-inner\"><\/div>\n\t\t<\/div>\n\t\t\t\t<\/div>\n\t\t\t\t<\/div>\n\t\t\t\t\t\t<\/div>\n\t\t\t\t\t<\/div>\n\t\t<\/div>\n\t\t\t\t\t\t\t\t<\/div>\n\t\t\t\t\t<\/div>\n\t\t<\/section>\n\t\t\t\t\t\t\t\t\t<\/div>\n\t\t\t<\/div>\n\t\t\t\t\t<\/div>","protected":false},"excerpt":{"rendered":"<p>Y\u00f6nlendirilmi\u015f Dron-Savar Sistemleri, ayn\u0131 b\u00f6lgede dost unsurlar taraf\u0131ndan dron (mini \u0130HA) sistemlerinin kullan\u0131ld\u0131\u011f\u0131 durumlar gibi, 360 Derece Dron-Savar Sistemleri\u2019nin kullan\u0131m\u0131n\u0131n \u00e7ok uygun olmad\u0131\u011f\u0131 senaryolarda tercih ediliyor. \u00a0 Y\u00f6nlendirilmi\u015f Dron-Savar Sistemleri, Ulusal Savunma\u2019n\u0131n t\u00fcm \u00fcr\u00fcnlerinde bulunan, \u00d6zel Anten Tasar\u0131m\u0131, D\u00fc\u015f\u00fck Enerji T\u00fcketimi ve Y\u00fcksek Menzil, E\u011fitim&#8230;<\/p>","protected":false},"author":1,"featured_media":0,"parent":0,"menu_order":0,"comment_status":"closed","ping_status":"closed","template":"full_width.php","meta":{"spay_email":""},"yoast_head":"<!-- This site is optimized with the Yoast SEO plugin v18.5.1 - https:\/\/yoast.com\/wordpress\/plugins\/seo\/ -->\n<title>Y\u00f6nlendirilmi\u015f Dron-Savarlar | Ulusal Savunma<\/title>\n<meta name=\"robots\" content=\"index, follow, max-snippet:-1, max-image-preview:large, max-video-preview:-1\" \/>\n<link rel=\"canonical\" href=\"https:\/\/ulusalsavunma.com.tr\/en\/yonlendirilmis-dron-savarlar\/\" \/>\n<meta property=\"og:locale\" content=\"en_GB\" \/>\n<meta property=\"og:type\" content=\"article\" \/>\n<meta property=\"og:title\" content=\"Y\u00f6nlendirilmi\u015f Dron-Savarlar | Ulusal Savunma\" \/>\n<meta property=\"og:description\" content=\"Y\u00f6nlendirilmi\u015f Dron-Savar Sistemleri, ayn\u0131 b\u00f6lgede dost unsurlar taraf\u0131ndan dron (mini \u0130HA) sistemlerinin kullan\u0131ld\u0131\u011f\u0131 durumlar gibi, 360 Derece Dron-Savar Sistemleri\u2019nin kullan\u0131m\u0131n\u0131n \u00e7ok uygun olmad\u0131\u011f\u0131 senaryolarda tercih ediliyor. \u00a0 Y\u00f6nlendirilmi\u015f Dron-Savar Sistemleri, Ulusal Savunma\u2019n\u0131n t\u00fcm \u00fcr\u00fcnlerinde bulunan, \u00d6zel Anten Tasar\u0131m\u0131, D\u00fc\u015f\u00fck Enerji T\u00fcketimi ve Y\u00fcksek Menzil, E\u011fitim...\" \/>\n<meta property=\"og:url\" content=\"https:\/\/ulusalsavunma.com.tr\/en\/yonlendirilmis-dron-savarlar\/\" \/>\n<meta property=\"og:site_name\" content=\"Ulusal Savunma\" \/>\n<meta property=\"article:modified_time\" content=\"2021-02-09T08:26:49+00:00\" \/>\n<meta property=\"og:image\" content=\"http:\/\/ulusalsavunma.com.tr\/wp-content\/uploads\/2021\/02\/US-Urunler-ErgonomikTasarim-800x609px.jpg\" \/>\n<meta name=\"twitter:card\" content=\"summary_large_image\" \/>\n<meta name=\"twitter:label1\" content=\"Estimated reading time\" \/>\n\t<meta name=\"twitter:data1\" content=\"2 minutes\" \/>\n<script type=\"application\/ld+json\" class=\"yoast-schema-graph\">{\"@context\":\"https:\/\/schema.org\",\"@graph\":[{\"@type\":\"WebSite\",\"@id\":\"https:\/\/ulusalsavunma.com.tr\/#website\",\"url\":\"https:\/\/ulusalsavunma.com.tr\/\",\"name\":\"Ulusal Savunma\",\"description\":\"\",\"potentialAction\":[{\"@type\":\"SearchAction\",\"target\":{\"@type\":\"EntryPoint\",\"urlTemplate\":\"https:\/\/ulusalsavunma.com.tr\/?s={search_term_string}\"},\"query-input\":\"required name=search_term_string\"}],\"inLanguage\":\"en-GB\"},{\"@type\":\"ImageObject\",\"@id\":\"https:\/\/ulusalsavunma.com.tr\/yonlendirilmis-dron-savarlar\/#primaryimage\",\"inLanguage\":\"en-GB\",\"url\":\"http:\/\/ulusalsavunma.com.tr\/wp-content\/uploads\/2021\/02\/US-Urunler-ErgonomikTasarim-800x609px.jpg\",\"contentUrl\":\"http:\/\/ulusalsavunma.com.tr\/wp-content\/uploads\/2021\/02\/US-Urunler-ErgonomikTasarim-800x609px.jpg\"},{\"@type\":\"WebPage\",\"@id\":\"https:\/\/ulusalsavunma.com.tr\/yonlendirilmis-dron-savarlar\/#webpage\",\"url\":\"https:\/\/ulusalsavunma.com.tr\/yonlendirilmis-dron-savarlar\/\",\"name\":\"Y\u00f6nlendirilmi\u015f Dron-Savarlar | Ulusal Savunma\",\"isPartOf\":{\"@id\":\"https:\/\/ulusalsavunma.com.tr\/#website\"},\"primaryImageOfPage\":{\"@id\":\"https:\/\/ulusalsavunma.com.tr\/yonlendirilmis-dron-savarlar\/#primaryimage\"},\"datePublished\":\"2021-01-23T16:40:42+00:00\",\"dateModified\":\"2021-02-09T08:26:49+00:00\",\"breadcrumb\":{\"@id\":\"https:\/\/ulusalsavunma.com.tr\/yonlendirilmis-dron-savarlar\/#breadcrumb\"},\"inLanguage\":\"en-GB\",\"potentialAction\":[{\"@type\":\"ReadAction\",\"target\":[\"https:\/\/ulusalsavunma.com.tr\/yonlendirilmis-dron-savarlar\/\"]}]},{\"@type\":\"BreadcrumbList\",\"@id\":\"https:\/\/ulusalsavunma.com.tr\/yonlendirilmis-dron-savarlar\/#breadcrumb\",\"itemListElement\":[{\"@type\":\"ListItem\",\"position\":1,\"name\":\"Ana Sayfa\",\"item\":\"https:\/\/ulusalsavunma.com.tr\/\"},{\"@type\":\"ListItem\",\"position\":2,\"name\":\"Y\u00f6nlendirilmi\u015f Dron-Savarlar\"}]}]}<\/script>\n<!-- \/ Yoast SEO plugin. -->","yoast_head_json":{"title":"Y\u00f6nlendirilmi\u015f Dron-Savarlar | Ulusal Savunma","robots":{"index":"index","follow":"follow","max-snippet":"max-snippet:-1","max-image-preview":"max-image-preview:large","max-video-preview":"max-video-preview:-1"},"canonical":"https:\/\/ulusalsavunma.com.tr\/en\/yonlendirilmis-dron-savarlar\/","og_locale":"en_GB","og_type":"article","og_title":"Y\u00f6nlendirilmi\u015f Dron-Savarlar | Ulusal Savunma","og_description":"Y\u00f6nlendirilmi\u015f Dron-Savar Sistemleri, ayn\u0131 b\u00f6lgede dost unsurlar taraf\u0131ndan dron (mini \u0130HA) sistemlerinin kullan\u0131ld\u0131\u011f\u0131 durumlar gibi, 360 Derece Dron-Savar Sistemleri\u2019nin kullan\u0131m\u0131n\u0131n \u00e7ok uygun olmad\u0131\u011f\u0131 senaryolarda tercih ediliyor. \u00a0 Y\u00f6nlendirilmi\u015f Dron-Savar Sistemleri, Ulusal Savunma\u2019n\u0131n t\u00fcm \u00fcr\u00fcnlerinde bulunan, \u00d6zel Anten Tasar\u0131m\u0131, D\u00fc\u015f\u00fck Enerji T\u00fcketimi ve Y\u00fcksek Menzil, E\u011fitim...","og_url":"https:\/\/ulusalsavunma.com.tr\/en\/yonlendirilmis-dron-savarlar\/","og_site_name":"Ulusal Savunma","article_modified_time":"2021-02-09T08:26:49+00:00","og_image":[{"url":"http:\/\/ulusalsavunma.com.tr\/wp-content\/uploads\/2021\/02\/US-Urunler-ErgonomikTasarim-800x609px.jpg"}],"twitter_card":"summary_large_image","twitter_misc":{"Estimated reading time":"2 minutes"},"schema":{"@context":"https:\/\/schema.org","@graph":[{"@type":"WebSite","@id":"https:\/\/ulusalsavunma.com.tr\/#website","url":"https:\/\/ulusalsavunma.com.tr\/","name":"Ulusal Savunma","description":"","potentialAction":[{"@type":"SearchAction","target":{"@type":"EntryPoint","urlTemplate":"https:\/\/ulusalsavunma.com.tr\/?s={search_term_string}"},"query-input":"required name=search_term_string"}],"inLanguage":"en-GB"},{"@type":"ImageObject","@id":"https:\/\/ulusalsavunma.com.tr\/yonlendirilmis-dron-savarlar\/#primaryimage","inLanguage":"en-GB","url":"http:\/\/ulusalsavunma.com.tr\/wp-content\/uploads\/2021\/02\/US-Urunler-ErgonomikTasarim-800x609px.jpg","contentUrl":"http:\/\/ulusalsavunma.com.tr\/wp-content\/uploads\/2021\/02\/US-Urunler-ErgonomikTasarim-800x609px.jpg"},{"@type":"WebPage","@id":"https:\/\/ulusalsavunma.com.tr\/yonlendirilmis-dron-savarlar\/#webpage","url":"https:\/\/ulusalsavunma.com.tr\/yonlendirilmis-dron-savarlar\/","name":"Y\u00f6nlendirilmi\u015f Dron-Savarlar | Ulusal Savunma","isPartOf":{"@id":"https:\/\/ulusalsavunma.com.tr\/#website"},"primaryImageOfPage":{"@id":"https:\/\/ulusalsavunma.com.tr\/yonlendirilmis-dron-savarlar\/#primaryimage"},"datePublished":"2021-01-23T16:40:42+00:00","dateModified":"2021-02-09T08:26:49+00:00","breadcrumb":{"@id":"https:\/\/ulusalsavunma.com.tr\/yonlendirilmis-dron-savarlar\/#breadcrumb"},"inLanguage":"en-GB","potentialAction":[{"@type":"ReadAction","target":["https:\/\/ulusalsavunma.com.tr\/yonlendirilmis-dron-savarlar\/"]}]},{"@type":"BreadcrumbList","@id":"https:\/\/ulusalsavunma.com.tr\/yonlendirilmis-dron-savarlar\/#breadcrumb","itemListElement":[{"@type":"ListItem","position":1,"name":"Ana Sayfa","item":"https:\/\/ulusalsavunma.com.tr\/"},{"@type":"ListItem","position":2,"name":"Y\u00f6nlendirilmi\u015f Dron-Savarlar"}]}]}},"_links":{"self":[{"href":"https:\/\/ulusalsavunma.com.tr\/en\/wp-json\/wp\/v2\/pages\/729"}],"collection":[{"href":"https:\/\/ulusalsavunma.com.tr\/en\/wp-json\/wp\/v2\/pages"}],"about":[{"href":"https:\/\/ulusalsavunma.com.tr\/en\/wp-json\/wp\/v2\/types\/page"}],"author":[{"embeddable":true,"href":"https:\/\/ulusalsavunma.com.tr\/en\/wp-json\/wp\/v2\/users\/1"}],"replies":[{"embeddable":true,"href":"https:\/\/ulusalsavunma.com.tr\/en\/wp-json\/wp\/v2\/comments?post=729"}],"version-history":[{"count":54,"href":"https:\/\/ulusalsavunma.com.tr\/en\/wp-json\/wp\/v2\/pages\/729\/revisions"}],"predecessor-version":[{"id":2954,"href":"https:\/\/ulusalsavunma.com.tr\/en\/wp-json\/wp\/v2\/pages\/729\/revisions\/2954"}],"wp:attachment":[{"href":"https:\/\/ulusalsavunma.com.tr\/en\/wp-json\/wp\/v2\/media?parent=729"}],"curies":[{"name":"wp","href":"https:\/\/api.w.org\/{rel}","templated":true}]}}